{"id":21,"date":"2022-04-25T22:41:02","date_gmt":"2022-04-25T20:41:02","guid":{"rendered":"https:\/\/www.orgueachablis.fr\/?page_id=21"},"modified":"2024-07-11T23:50:17","modified_gmt":"2024-07-11T21:50:17","slug":"edition-2022","status":"publish","type":"page","link":"https:\/\/always.orgueachablis.fr\/?page_id=21","title":{"rendered":"\u00c9dition 2022"},"content":{"rendered":"\t\t<div data-elementor-type=\"wp-page\" data-elementor-id=\"21\" class=\"elementor elementor-21\" data-elementor-settings=\"[]\">\n\t\t\t\t\t\t<div class=\"elementor-inner\">\n\t\t\t\t\t\t\t<div class=\"elementor-section-wrap\">\n\t\t\t\t\t\t\t<section class=\"elementor-section elementor-top-section elementor-element elementor-element-6d1e4fb elementor-section-boxed elementor-section-height-default elementor-section-height-default\" data-id=\"6d1e4fb\" data-element_type=\"section\">\n\t\t\t\t\t\t<div class=\"elementor-container elementor-column-gap-default\">\n\t\t\t\t\t\t\t<div class=\"elementor-row\">\n\t\t\t\t\t<div class=\"elementor-column elementor-col-100 elementor-top-column elementor-element elementor-element-6806d6f\" data-id=\"6806d6f\" data-element_type=\"column\">\n\t\t\t<div class=\"elementor-column-wrap elementor-element-populated\">\n\t\t\t\t\t\t\t<div class=\"elementor-widget-wrap\">\n\t\t\t\t\t\t<div class=\"elementor-element elementor-element-cf6cfa4 elementor-widget elementor-widget-text-editor\" data-id=\"cf6cfa4\" data-element_type=\"widget\" data-widget_type=\"text-editor.default\">\n\t\t\t\t<div class=\"elementor-widget-container\">\n\t\t\t\t\t<div class=\"elementor-text-editor elementor-clearfix\"><p>Le festival Orgue \u00e0 Chablis a pour ambition la mise en valeur du patrimoine de la Coll\u00e9giale Saint-Martin de Chablis tout en proposant une programmation musicale originale et innovante, dans les canons du concert de musique \u00ab classique \u00bb.<\/p><p>Destin\u00e9 \u00e0 tous les publics, le festival vous fera d\u00e9couvrir cet instrument fabuleux qu&rsquo;est l&rsquo;orgue et d\u00e9cloisonnera l\u2019acc\u00e8s \u00e0 son r\u00e9pertoire, \u00e0 travers plusieurs concerts, conf\u00e9rences et pr\u00e9sentations de l\u2019orgue de la Coll\u00e9giale.<\/p><p>La premi\u00e8re \u00e9dition du festival s\u2019est articul\u00e9e autour des compositrices pour l\u2019orgue de l\u2019\u00e9poque baroque \u00e0 nos jours, ainsi qu\u2019avec un concert orgue et th\u00e9\u00e2tre autour du Petit Prince d\u2019Antoine de Saint-Exup\u00e9ry. Il s&rsquo;est d\u00e9roul\u00e9 les 22, 23 et 24 juillet 2022.<\/p><\/div>\n\t\t\t\t<\/div>\n\t\t\t\t<\/div>\n\t\t\t\t<div class=\"elementor-element elementor-element-094ab8b elementor-widget elementor-widget-text-editor\" data-id=\"094ab8b\" data-element_type=\"widget\" data-widget_type=\"text-editor.default\">\n\t\t\t\t<div class=\"elementor-widget-container\">\n\t\t\t\t\t<div class=\"elementor-text-editor elementor-clearfix\"><\/div>\n\t\t\t\t<\/div>\n\t\t\t\t<\/div>\n\t\t\t\t<section class=\"elementor-section elementor-inner-section elementor-element elementor-element-e9b9d2e elementor-section-boxed elementor-section-height-default elementor-section-height-default\" data-id=\"e9b9d2e\" data-element_type=\"section\">\n\t\t\t\t\t\t<div class=\"elementor-container elementor-column-gap-default\">\n\t\t\t\t\t\t\t<div class=\"elementor-row\">\n\t\t\t\t\t<div class=\"elementor-column elementor-col-50 elementor-inner-column elementor-element elementor-element-465aef3\" data-id=\"465aef3\" data-element_type=\"column\">\n\t\t\t<div class=\"elementor-column-wrap elementor-element-populated\">\n\t\t\t\t\t\t\t<div class=\"elementor-widget-wrap\">\n\t\t\t\t\t\t<div class=\"elementor-element elementor-element-44a130f elementor-widget elementor-widget-text-editor\" data-id=\"44a130f\" data-element_type=\"widget\" data-widget_type=\"text-editor.default\">\n\t\t\t\t<div class=\"elementor-widget-container\">\n\t\t\t\t\t<div class=\"elementor-text-editor elementor-clearfix\"><h6><a href=\"https:\/\/www.orgueachablis.fr\/?page_id=38\">Le Programme<\/a><\/h6><\/div>\n\t\t\t\t<\/div>\n\t\t\t\t<\/div>\n\t\t\t\t\t\t<\/div>\n\t\t\t\t\t<\/div>\n\t\t<\/div>\n\t\t\t\t<div class=\"elementor-column elementor-col-50 elementor-inner-column elementor-element elementor-element-e06c555\" data-id=\"e06c555\" data-element_type=\"column\">\n\t\t\t<div class=\"elementor-column-wrap elementor-element-populated\">\n\t\t\t\t\t\t\t<div class=\"elementor-widget-wrap\">\n\t\t\t\t\t\t<div class=\"elementor-element elementor-element-dcef0f5 elementor-widget elementor-widget-text-editor\" data-id=\"dcef0f5\" data-element_type=\"widget\" data-widget_type=\"text-editor.default\">\n\t\t\t\t<div class=\"elementor-widget-container\">\n\t\t\t\t\t<div class=\"elementor-text-editor elementor-clearfix\"><h6><a href=\"https:\/\/www.orgueachablis.fr\/?page_id=23\">Les Artistes<\/a><\/h6><\/div>\n\t\t\t\t<\/div>\n\t\t\t\t<\/div>\n\t\t\t\t\t\t<\/div>\n\t\t\t\t\t<\/div>\n\t\t<\/div>\n\t\t\t\t\t\t\t\t<\/div>\n\t\t\t\t\t<\/div>\n\t\t<\/section>\n\t\t\t\t\t\t<\/div>\n\t\t\t\t\t<\/div>\n\t\t<\/div>\n\t\t\t\t\t\t\t\t<\/div>\n\t\t\t\t\t<\/div>\n\t\t<\/section>\n\t\t\t\t\t\t<\/div>\n\t\t\t\t\t\t<\/div>\n\t\t\t\t\t<\/div>\n\t\t","protected":false},"excerpt":{"rendered":"<p>Le festival Orgue \u00e0 Chablis a pour ambition la mise en valeur du patrimoine de la Coll\u00e9giale Saint-Martin de Chablis tout en proposant une programmation&#8230;<\/p>\n","protected":false},"author":1,"featured_media":0,"parent":0,"menu_order":0,"comment_status":"closed","ping_status":"closed","template":"","meta":[],"yoast_head":"<!-- This site is optimized with the Yoast SEO plugin v19.13 - https:\/\/yoast.com\/wordpress\/plugins\/seo\/ -->\n<title>\u00c9dition 2022 - Orgue \u00e0 Chablis<\/title>\n<meta name=\"description\" content=\"Festival Orgue \u00e0 Chablis, 22 - 24 juillet 2022, Coll\u00e9giale Saint-Martin. Ophelia Amar, S\u00e9bastien Avril, Barbara Cornet, Clarisse Marchesin...\" \/>\n<meta name=\"robots\" content=\"index, follow, max-snippet:-1, max-image-preview:large, max-video-preview:-1\" \/>\n<link rel=\"canonical\" href=\"https:\/\/always.orgueachablis.fr\/?page_id=21\" \/>\n<meta property=\"og:locale\" content=\"fr_FR\" \/>\n<meta property=\"og:type\" content=\"article\" \/>\n<meta property=\"og:title\" content=\"\u00c9dition 2022 - Orgue \u00e0 Chablis\" \/>\n<meta property=\"og:description\" content=\"Festival Orgue \u00e0 Chablis, 22 - 24 juillet 2022, Coll\u00e9giale Saint-Martin. Ophelia Amar, S\u00e9bastien Avril, Barbara Cornet, Clarisse Marchesin...\" \/>\n<meta property=\"og:url\" content=\"https:\/\/always.orgueachablis.fr\/?page_id=21\" \/>\n<meta property=\"og:site_name\" content=\"Orgue \u00e0 Chablis\" \/>\n<meta property=\"article:publisher\" content=\"https:\/\/www.facebook.com\/orgueachablis\" \/>\n<meta property=\"article:modified_time\" content=\"2024-07-11T21:50:17+00:00\" \/>\n<meta name=\"twitter:card\" content=\"summary_large_image\" \/>\n<meta name=\"twitter:label1\" content=\"Dur\u00e9e de lecture estim\u00e9e\" \/>\n\t<meta name=\"twitter:data1\" content=\"1 minute\" \/>\n<script type=\"application\/ld+json\" class=\"yoast-schema-graph\">{\"@context\":\"https:\/\/schema.org\",\"@graph\":[{\"@type\":\"WebPage\",\"@id\":\"https:\/\/always.orgueachablis.fr\/?page_id=21\",\"url\":\"https:\/\/always.orgueachablis.fr\/?page_id=21\",\"name\":\"\u00c9dition 2022 - Orgue \u00e0 Chablis\",\"isPartOf\":{\"@id\":\"https:\/\/always.orgueachablis.fr\/#website\"},\"datePublished\":\"2022-04-25T20:41:02+00:00\",\"dateModified\":\"2024-07-11T21:50:17+00:00\",\"description\":\"Festival Orgue \u00e0 Chablis, 22 - 24 juillet 2022, Coll\u00e9giale Saint-Martin. Ophelia Amar, S\u00e9bastien Avril, Barbara Cornet, Clarisse Marchesin...\",\"breadcrumb\":{\"@id\":\"https:\/\/always.orgueachablis.fr\/?page_id=21#breadcrumb\"},\"inLanguage\":\"fr-FR\",\"potentialAction\":[{\"@type\":\"ReadAction\",\"target\":[\"https:\/\/always.orgueachablis.fr\/?page_id=21\"]}]},{\"@type\":\"BreadcrumbList\",\"@id\":\"https:\/\/always.orgueachablis.fr\/?page_id=21#breadcrumb\",\"itemListElement\":[{\"@type\":\"ListItem\",\"position\":1,\"name\":\"Accueil\",\"item\":\"https:\/\/always.orgueachablis.fr\/\"},{\"@type\":\"ListItem\",\"position\":2,\"name\":\"\u00c9dition 2022\"}]},{\"@type\":\"WebSite\",\"@id\":\"https:\/\/always.orgueachablis.fr\/#website\",\"url\":\"https:\/\/always.orgueachablis.fr\/\",\"name\":\"Orgue \u00e0 Chablis\",\"description\":\"Un Festival In\u00e9dit\",\"publisher\":{\"@id\":\"https:\/\/always.orgueachablis.fr\/#organization\"},\"potentialAction\":[{\"@type\":\"SearchAction\",\"target\":{\"@type\":\"EntryPoint\",\"urlTemplate\":\"https:\/\/always.orgueachablis.fr\/?s={search_term_string}\"},\"query-input\":\"required name=search_term_string\"}],\"inLanguage\":\"fr-FR\"},{\"@type\":\"Organization\",\"@id\":\"https:\/\/always.orgueachablis.fr\/#organization\",\"name\":\"Orgue \u00e0 Chablis\",\"url\":\"https:\/\/always.orgueachablis.fr\/\",\"logo\":{\"@type\":\"ImageObject\",\"inLanguage\":\"fr-FR\",\"@id\":\"https:\/\/always.orgueachablis.fr\/#\/schema\/logo\/image\/\",\"url\":\"https:\/\/www.orgueachablis.fr\/wp-content\/uploads\/2022\/05\/cropped-WhatsApp-Image-2022-05-09-at-00.27.37-1.jpeg\",\"contentUrl\":\"https:\/\/www.orgueachablis.fr\/wp-content\/uploads\/2022\/05\/cropped-WhatsApp-Image-2022-05-09-at-00.27.37-1.jpeg\",\"width\":1700,\"height\":750,\"caption\":\"Orgue \u00e0 Chablis\"},\"image\":{\"@id\":\"https:\/\/always.orgueachablis.fr\/#\/schema\/logo\/image\/\"},\"sameAs\":[\"https:\/\/www.facebook.com\/orgueachablis\"]}]}<\/script>\n<!-- \/ Yoast SEO plugin. -->","yoast_head_json":{"title":"\u00c9dition 2022 - Orgue \u00e0 Chablis","description":"Festival Orgue \u00e0 Chablis, 22 - 24 juillet 2022, Coll\u00e9giale Saint-Martin. Ophelia Amar, S\u00e9bastien Avril, Barbara Cornet, Clarisse Marchesin...","robots":{"index":"index","follow":"follow","max-snippet":"max-snippet:-1","max-image-preview":"max-image-preview:large","max-video-preview":"max-video-preview:-1"},"canonical":"https:\/\/always.orgueachablis.fr\/?page_id=21","og_locale":"fr_FR","og_type":"article","og_title":"\u00c9dition 2022 - Orgue \u00e0 Chablis","og_description":"Festival Orgue \u00e0 Chablis, 22 - 24 juillet 2022, Coll\u00e9giale Saint-Martin. Ophelia Amar, S\u00e9bastien Avril, Barbara Cornet, Clarisse Marchesin...","og_url":"https:\/\/always.orgueachablis.fr\/?page_id=21","og_site_name":"Orgue \u00e0 Chablis","article_publisher":"https:\/\/www.facebook.com\/orgueachablis","article_modified_time":"2024-07-11T21:50:17+00:00","twitter_card":"summary_large_image","twitter_misc":{"Dur\u00e9e de lecture estim\u00e9e":"1 minute"},"schema":{"@context":"https:\/\/schema.org","@graph":[{"@type":"WebPage","@id":"https:\/\/always.orgueachablis.fr\/?page_id=21","url":"https:\/\/always.orgueachablis.fr\/?page_id=21","name":"\u00c9dition 2022 - Orgue \u00e0 Chablis","isPartOf":{"@id":"https:\/\/always.orgueachablis.fr\/#website"},"datePublished":"2022-04-25T20:41:02+00:00","dateModified":"2024-07-11T21:50:17+00:00","description":"Festival Orgue \u00e0 Chablis, 22 - 24 juillet 2022, Coll\u00e9giale Saint-Martin. Ophelia Amar, S\u00e9bastien Avril, Barbara Cornet, Clarisse Marchesin...","breadcrumb":{"@id":"https:\/\/always.orgueachablis.fr\/?page_id=21#breadcrumb"},"inLanguage":"fr-FR","potentialAction":[{"@type":"ReadAction","target":["https:\/\/always.orgueachablis.fr\/?page_id=21"]}]},{"@type":"BreadcrumbList","@id":"https:\/\/always.orgueachablis.fr\/?page_id=21#breadcrumb","itemListElement":[{"@type":"ListItem","position":1,"name":"Accueil","item":"https:\/\/always.orgueachablis.fr\/"},{"@type":"ListItem","position":2,"name":"\u00c9dition 2022"}]},{"@type":"WebSite","@id":"https:\/\/always.orgueachablis.fr\/#website","url":"https:\/\/always.orgueachablis.fr\/","name":"Orgue \u00e0 Chablis","description":"Un Festival In\u00e9dit","publisher":{"@id":"https:\/\/always.orgueachablis.fr\/#organization"},"potentialAction":[{"@type":"SearchAction","target":{"@type":"EntryPoint","urlTemplate":"https:\/\/always.orgueachablis.fr\/?s={search_term_string}"},"query-input":"required name=search_term_string"}],"inLanguage":"fr-FR"},{"@type":"Organization","@id":"https:\/\/always.orgueachablis.fr\/#organization","name":"Orgue \u00e0 Chablis","url":"https:\/\/always.orgueachablis.fr\/","logo":{"@type":"ImageObject","inLanguage":"fr-FR","@id":"https:\/\/always.orgueachablis.fr\/#\/schema\/logo\/image\/","url":"https:\/\/www.orgueachablis.fr\/wp-content\/uploads\/2022\/05\/cropped-WhatsApp-Image-2022-05-09-at-00.27.37-1.jpeg","contentUrl":"https:\/\/www.orgueachablis.fr\/wp-content\/uploads\/2022\/05\/cropped-WhatsApp-Image-2022-05-09-at-00.27.37-1.jpeg","width":1700,"height":750,"caption":"Orgue \u00e0 Chablis"},"image":{"@id":"https:\/\/always.orgueachablis.fr\/#\/schema\/logo\/image\/"},"sameAs":["https:\/\/www.facebook.com\/orgueachablis"]}]}},"_links":{"self":[{"href":"https:\/\/always.orgueachablis.fr\/index.php?rest_route=\/wp\/v2\/pages\/21"}],"collection":[{"href":"https:\/\/always.orgueachablis.fr\/index.php?rest_route=\/wp\/v2\/pages"}],"about":[{"href":"https:\/\/always.orgueachablis.fr\/index.php?rest_route=\/wp\/v2\/types\/page"}],"author":[{"embeddable":true,"href":"https:\/\/always.orgueachablis.fr\/index.php?rest_route=\/wp\/v2\/users\/1"}],"replies":[{"embeddable":true,"href":"https:\/\/always.orgueachablis.fr\/index.php?rest_route=%2Fwp%2Fv2%2Fcomments&post=21"}],"version-history":[{"count":11,"href":"https:\/\/always.orgueachablis.fr\/index.php?rest_route=\/wp\/v2\/pages\/21\/revisions"}],"predecessor-version":[{"id":431,"href":"https:\/\/always.orgueachablis.fr\/index.php?rest_route=\/wp\/v2\/pages\/21\/revisions\/431"}],"wp:attachment":[{"href":"https:\/\/always.orgueachablis.fr\/index.php?rest_route=%2Fwp%2Fv2%2Fmedia&parent=21"}],"curies":[{"name":"wp","href":"https:\/\/api.w.org\/{rel}","templated":true}]}}