{"id":306,"date":"2023-06-10T19:18:16","date_gmt":"2023-06-10T17:18:16","guid":{"rendered":"https:\/\/www.orgueachablis.fr\/?page_id=306"},"modified":"2024-07-12T00:04:13","modified_gmt":"2024-07-11T22:04:13","slug":"les-orgues","status":"publish","type":"page","link":"https:\/\/always.orgueachablis.fr\/?page_id=306","title":{"rendered":"Les Orgues"},"content":{"rendered":"\t\t<div data-elementor-type=\"wp-page\" data-elementor-id=\"306\" class=\"elementor elementor-306\" data-elementor-settings=\"[]\">\n\t\t\t\t\t\t<div class=\"elementor-inner\">\n\t\t\t\t\t\t\t<div class=\"elementor-section-wrap\">\n\t\t\t\t\t\t\t<section class=\"elementor-section elementor-top-section elementor-element elementor-element-5b90024 elementor-section-boxed elementor-section-height-default elementor-section-height-default\" data-id=\"5b90024\" data-element_type=\"section\">\n\t\t\t\t\t\t<div class=\"elementor-container elementor-column-gap-default\">\n\t\t\t\t\t\t\t<div class=\"elementor-row\">\n\t\t\t\t\t<div class=\"elementor-column elementor-col-100 elementor-top-column elementor-element elementor-element-585e999\" data-id=\"585e999\" data-element_type=\"column\">\n\t\t\t<div class=\"elementor-column-wrap elementor-element-populated\">\n\t\t\t\t\t\t\t<div class=\"elementor-widget-wrap\">\n\t\t\t\t\t\t<div class=\"elementor-element elementor-element-0a2443c elementor-widget elementor-widget-heading\" data-id=\"0a2443c\" data-element_type=\"widget\" data-widget_type=\"heading.default\">\n\t\t\t\t<div class=\"elementor-widget-container\">\n\t\t\t<h6 class=\"elementor-heading-title elementor-size-default\">L\u2019\u00c9dition 2023 du Festival se d\u00e9roulera sur deux instruments diff\u00e9rents \nque nous vous pr\u00e9sentons ici :<\/h6>\t\t<\/div>\n\t\t\t\t<\/div>\n\t\t\t\t\t\t<\/div>\n\t\t\t\t\t<\/div>\n\t\t<\/div>\n\t\t\t\t\t\t\t\t<\/div>\n\t\t\t\t\t<\/div>\n\t\t<\/section>\n\t\t\t\t<section class=\"elementor-section elementor-top-section elementor-element elementor-element-7b482c0 elementor-section-boxed elementor-section-height-default elementor-section-height-default\" data-id=\"7b482c0\" data-element_type=\"section\">\n\t\t\t\t\t\t<div class=\"elementor-container elementor-column-gap-default\">\n\t\t\t\t\t\t\t<div class=\"elementor-row\">\n\t\t\t\t\t<div class=\"elementor-column elementor-col-50 elementor-top-column elementor-element elementor-element-e56464f\" data-id=\"e56464f\" data-element_type=\"column\">\n\t\t\t<div class=\"elementor-column-wrap elementor-element-populated\">\n\t\t\t\t\t\t\t<div class=\"elementor-widget-wrap\">\n\t\t\t\t\t\t<div class=\"elementor-element elementor-element-04b53be elementor-widget elementor-widget-image\" data-id=\"04b53be\" data-element_type=\"widget\" data-widget_type=\"image.default\">\n\t\t\t\t<div class=\"elementor-widget-container\">\n\t\t\t\t\t<div class=\"elementor-image\">\n\t\t\t\t\t\t\t\t\t\t<img src=\"https:\/\/always.orgueachablis.fr\/wp-content\/uploads\/elementor\/thumbs\/Orgue-de-Chablis-e1651064868532-pnzeb8nemc3ms46tyomoq3sae5pphx7jdlmrjccdvk.png\" title=\"Orgue de la Coll\u00e9giale Saint-Martin de Chablis\" alt=\"Orgue de la Coll\u00e9giale Saint-Martin de Chablis\" \/>\t\t\t\t\t\t\t\t\t\t\t<\/div>\n\t\t\t\t<\/div>\n\t\t\t\t<\/div>\n\t\t\t\t<div class=\"elementor-element elementor-element-8b624f3 elementor-widget elementor-widget-heading\" data-id=\"8b624f3\" data-element_type=\"widget\" data-widget_type=\"heading.default\">\n\t\t\t\t<div class=\"elementor-widget-container\">\n\t\t\t<h6 class=\"elementor-heading-title elementor-size-default\"><a href=\"https:\/\/www.orgueachablis.fr\/?page_id=78\">L'orgue Chazelle de la Coll\u00e9giale Saint-Martin de Chablis<\/a><\/h6>\t\t<\/div>\n\t\t\t\t<\/div>\n\t\t\t\t\t\t<\/div>\n\t\t\t\t\t<\/div>\n\t\t<\/div>\n\t\t\t\t<div class=\"elementor-column elementor-col-50 elementor-top-column elementor-element elementor-element-674040f\" data-id=\"674040f\" data-element_type=\"column\">\n\t\t\t<div class=\"elementor-column-wrap elementor-element-populated\">\n\t\t\t\t\t\t\t<div class=\"elementor-widget-wrap\">\n\t\t\t\t\t\t<div class=\"elementor-element elementor-element-72357c6 elementor-widget elementor-widget-image\" data-id=\"72357c6\" data-element_type=\"widget\" data-widget_type=\"image.default\">\n\t\t\t\t<div class=\"elementor-widget-container\">\n\t\t\t\t\t<div class=\"elementor-image\">\n\t\t\t\t\t\t\t\t\t\t<img width=\"640\" height=\"628\" src=\"https:\/\/always.orgueachablis.fr\/wp-content\/uploads\/2023\/05\/IMG_20221102_160806-2-1024x1005.jpg\" class=\"attachment-large size-large\" alt=\"\" loading=\"lazy\" srcset=\"https:\/\/always.orgueachablis.fr\/wp-content\/uploads\/2023\/05\/IMG_20221102_160806-2-1024x1005.jpg 1024w, https:\/\/always.orgueachablis.fr\/wp-content\/uploads\/2023\/05\/IMG_20221102_160806-2-300x295.jpg 300w, https:\/\/always.orgueachablis.fr\/wp-content\/uploads\/2023\/05\/IMG_20221102_160806-2-768x754.jpg 768w, https:\/\/always.orgueachablis.fr\/wp-content\/uploads\/2023\/05\/IMG_20221102_160806-2-1536x1508.jpg 1536w, https:\/\/always.orgueachablis.fr\/wp-content\/uploads\/2023\/05\/IMG_20221102_160806-2-2048x2010.jpg 2048w\" sizes=\"(max-width: 640px) 100vw, 640px\" \/>\t\t\t\t\t\t\t\t\t\t\t<\/div>\n\t\t\t\t<\/div>\n\t\t\t\t<\/div>\n\t\t\t\t<div class=\"elementor-element elementor-element-790d2e7 elementor-widget elementor-widget-heading\" data-id=\"790d2e7\" data-element_type=\"widget\" data-widget_type=\"heading.default\">\n\t\t\t\t<div class=\"elementor-widget-container\">\n\t\t\t<h6 class=\"elementor-heading-title elementor-size-default\"><a href=\"https:\/\/www.orgueachablis.fr\/?page_id=311\">L'orgue Giroud de l\u2019\u00c9glise Saint-Martial de Seignelay <\/a><\/h6>\t\t<\/div>\n\t\t\t\t<\/div>\n\t\t\t\t\t\t<\/div>\n\t\t\t\t\t<\/div>\n\t\t<\/div>\n\t\t\t\t\t\t\t\t<\/div>\n\t\t\t\t\t<\/div>\n\t\t<\/section>\n\t\t\t\t\t\t<\/div>\n\t\t\t\t\t\t<\/div>\n\t\t\t\t\t<\/div>\n\t\t","protected":false},"excerpt":{"rendered":"<p>L\u2019\u00c9dition 2023 du Festival se d\u00e9roulera sur deux instruments diff\u00e9rents que nous vous pr\u00e9sentons ici : L&rsquo;orgue Chazelle de la Coll\u00e9giale Saint-Martin de Chablis L&rsquo;orgue&#8230;<\/p>\n","protected":false},"author":1,"featured_media":0,"parent":0,"menu_order":0,"comment_status":"closed","ping_status":"closed","template":"","meta":[],"yoast_head":"<!-- This site is optimized with the Yoast SEO plugin v19.13 - https:\/\/yoast.com\/wordpress\/plugins\/seo\/ -->\n<title>Les Orgues - Orgue \u00e0 Chablis<\/title>\n<meta name=\"description\" content=\"L\u2019\u00c9dition 2023 du Festival se d\u00e9roulera sur deux instruments diff\u00e9rents que nous vous pr\u00e9sentons ici : L&#039;orgue Chazelle de la Coll\u00e9giale Saint-Martin de Chablis &amp; L&#039;orgue Giroud de l\u2019\u00c9glise Saint-Martial de Seignelay\" \/>\n<meta name=\"robots\" content=\"index, follow, max-snippet:-1, max-image-preview:large, max-video-preview:-1\" \/>\n<link rel=\"canonical\" href=\"https:\/\/always.orgueachablis.fr\/?page_id=306\" \/>\n<meta property=\"og:locale\" content=\"fr_FR\" \/>\n<meta property=\"og:type\" content=\"article\" \/>\n<meta property=\"og:title\" content=\"Les Orgues - Orgue \u00e0 Chablis\" \/>\n<meta property=\"og:description\" content=\"L\u2019\u00c9dition 2023 du Festival se d\u00e9roulera sur deux instruments diff\u00e9rents que nous vous pr\u00e9sentons ici : L&#039;orgue Chazelle de la Coll\u00e9giale Saint-Martin de Chablis &amp; L&#039;orgue Giroud de l\u2019\u00c9glise Saint-Martial de Seignelay\" \/>\n<meta property=\"og:url\" content=\"https:\/\/always.orgueachablis.fr\/?page_id=306\" \/>\n<meta property=\"og:site_name\" content=\"Orgue \u00e0 Chablis\" \/>\n<meta property=\"article:publisher\" content=\"https:\/\/www.facebook.com\/orgueachablis\" \/>\n<meta property=\"article:modified_time\" content=\"2024-07-11T22:04:13+00:00\" \/>\n<meta property=\"og:image\" content=\"http:\/\/www.orgueachablis.fr\/wp-content\/uploads\/elementor\/thumbs\/Orgue-de-Chablis-e1651064868532-pnzeb8nemc3ms46tyomoq3sae5pphx7jdlmrjccaju.png\" \/>\n<meta name=\"twitter:card\" content=\"summary_large_image\" \/>\n<meta name=\"twitter:label1\" content=\"Dur\u00e9e de lecture estim\u00e9e\" \/>\n\t<meta name=\"twitter:data1\" content=\"1 minute\" \/>\n<script type=\"application\/ld+json\" class=\"yoast-schema-graph\">{\"@context\":\"https:\/\/schema.org\",\"@graph\":[{\"@type\":\"WebPage\",\"@id\":\"https:\/\/always.orgueachablis.fr\/?page_id=306\",\"url\":\"https:\/\/always.orgueachablis.fr\/?page_id=306\",\"name\":\"Les Orgues - Orgue \u00e0 Chablis\",\"isPartOf\":{\"@id\":\"https:\/\/always.orgueachablis.fr\/#website\"},\"datePublished\":\"2023-06-10T17:18:16+00:00\",\"dateModified\":\"2024-07-11T22:04:13+00:00\",\"description\":\"L\u2019\u00c9dition 2023 du Festival se d\u00e9roulera sur deux instruments diff\u00e9rents que nous vous pr\u00e9sentons ici : L'orgue Chazelle de la Coll\u00e9giale Saint-Martin de Chablis & L'orgue Giroud de l\u2019\u00c9glise Saint-Martial de Seignelay\",\"breadcrumb\":{\"@id\":\"https:\/\/always.orgueachablis.fr\/?page_id=306#breadcrumb\"},\"inLanguage\":\"fr-FR\",\"potentialAction\":[{\"@type\":\"ReadAction\",\"target\":[\"https:\/\/always.orgueachablis.fr\/?page_id=306\"]}]},{\"@type\":\"BreadcrumbList\",\"@id\":\"https:\/\/always.orgueachablis.fr\/?page_id=306#breadcrumb\",\"itemListElement\":[{\"@type\":\"ListItem\",\"position\":1,\"name\":\"Accueil\",\"item\":\"https:\/\/always.orgueachablis.fr\/\"},{\"@type\":\"ListItem\",\"position\":2,\"name\":\"Les Orgues\"}]},{\"@type\":\"WebSite\",\"@id\":\"https:\/\/always.orgueachablis.fr\/#website\",\"url\":\"https:\/\/always.orgueachablis.fr\/\",\"name\":\"Orgue \u00e0 Chablis\",\"description\":\"Un Festival In\u00e9dit\",\"publisher\":{\"@id\":\"https:\/\/always.orgueachablis.fr\/#organization\"},\"potentialAction\":[{\"@type\":\"SearchAction\",\"target\":{\"@type\":\"EntryPoint\",\"urlTemplate\":\"https:\/\/always.orgueachablis.fr\/?s={search_term_string}\"},\"query-input\":\"required name=search_term_string\"}],\"inLanguage\":\"fr-FR\"},{\"@type\":\"Organization\",\"@id\":\"https:\/\/always.orgueachablis.fr\/#organization\",\"name\":\"Orgue \u00e0 Chablis\",\"url\":\"https:\/\/always.orgueachablis.fr\/\",\"logo\":{\"@type\":\"ImageObject\",\"inLanguage\":\"fr-FR\",\"@id\":\"https:\/\/always.orgueachablis.fr\/#\/schema\/logo\/image\/\",\"url\":\"https:\/\/www.orgueachablis.fr\/wp-content\/uploads\/2022\/05\/cropped-WhatsApp-Image-2022-05-09-at-00.27.37-1.jpeg\",\"contentUrl\":\"https:\/\/www.orgueachablis.fr\/wp-content\/uploads\/2022\/05\/cropped-WhatsApp-Image-2022-05-09-at-00.27.37-1.jpeg\",\"width\":1700,\"height\":750,\"caption\":\"Orgue \u00e0 Chablis\"},\"image\":{\"@id\":\"https:\/\/always.orgueachablis.fr\/#\/schema\/logo\/image\/\"},\"sameAs\":[\"https:\/\/www.facebook.com\/orgueachablis\"]}]}<\/script>\n<!-- \/ Yoast SEO plugin. -->","yoast_head_json":{"title":"Les Orgues - Orgue \u00e0 Chablis","description":"L\u2019\u00c9dition 2023 du Festival se d\u00e9roulera sur deux instruments diff\u00e9rents que nous vous pr\u00e9sentons ici : L'orgue Chazelle de la Coll\u00e9giale Saint-Martin de Chablis & L'orgue Giroud de l\u2019\u00c9glise Saint-Martial de Seignelay","robots":{"index":"index","follow":"follow","max-snippet":"max-snippet:-1","max-image-preview":"max-image-preview:large","max-video-preview":"max-video-preview:-1"},"canonical":"https:\/\/always.orgueachablis.fr\/?page_id=306","og_locale":"fr_FR","og_type":"article","og_title":"Les Orgues - Orgue \u00e0 Chablis","og_description":"L\u2019\u00c9dition 2023 du Festival se d\u00e9roulera sur deux instruments diff\u00e9rents que nous vous pr\u00e9sentons ici : L'orgue Chazelle de la Coll\u00e9giale Saint-Martin de Chablis & L'orgue Giroud de l\u2019\u00c9glise Saint-Martial de Seignelay","og_url":"https:\/\/always.orgueachablis.fr\/?page_id=306","og_site_name":"Orgue \u00e0 Chablis","article_publisher":"https:\/\/www.facebook.com\/orgueachablis","article_modified_time":"2024-07-11T22:04:13+00:00","og_image":[{"url":"http:\/\/www.orgueachablis.fr\/wp-content\/uploads\/elementor\/thumbs\/Orgue-de-Chablis-e1651064868532-pnzeb8nemc3ms46tyomoq3sae5pphx7jdlmrjccaju.png"}],"twitter_card":"summary_large_image","twitter_misc":{"Dur\u00e9e de lecture estim\u00e9e":"1 minute"},"schema":{"@context":"https:\/\/schema.org","@graph":[{"@type":"WebPage","@id":"https:\/\/always.orgueachablis.fr\/?page_id=306","url":"https:\/\/always.orgueachablis.fr\/?page_id=306","name":"Les Orgues - Orgue \u00e0 Chablis","isPartOf":{"@id":"https:\/\/always.orgueachablis.fr\/#website"},"datePublished":"2023-06-10T17:18:16+00:00","dateModified":"2024-07-11T22:04:13+00:00","description":"L\u2019\u00c9dition 2023 du Festival se d\u00e9roulera sur deux instruments diff\u00e9rents que nous vous pr\u00e9sentons ici : L'orgue Chazelle de la Coll\u00e9giale Saint-Martin de Chablis & L'orgue Giroud de l\u2019\u00c9glise Saint-Martial de Seignelay","breadcrumb":{"@id":"https:\/\/always.orgueachablis.fr\/?page_id=306#breadcrumb"},"inLanguage":"fr-FR","potentialAction":[{"@type":"ReadAction","target":["https:\/\/always.orgueachablis.fr\/?page_id=306"]}]},{"@type":"BreadcrumbList","@id":"https:\/\/always.orgueachablis.fr\/?page_id=306#breadcrumb","itemListElement":[{"@type":"ListItem","position":1,"name":"Accueil","item":"https:\/\/always.orgueachablis.fr\/"},{"@type":"ListItem","position":2,"name":"Les Orgues"}]},{"@type":"WebSite","@id":"https:\/\/always.orgueachablis.fr\/#website","url":"https:\/\/always.orgueachablis.fr\/","name":"Orgue \u00e0 Chablis","description":"Un Festival In\u00e9dit","publisher":{"@id":"https:\/\/always.orgueachablis.fr\/#organization"},"potentialAction":[{"@type":"SearchAction","target":{"@type":"EntryPoint","urlTemplate":"https:\/\/always.orgueachablis.fr\/?s={search_term_string}"},"query-input":"required name=search_term_string"}],"inLanguage":"fr-FR"},{"@type":"Organization","@id":"https:\/\/always.orgueachablis.fr\/#organization","name":"Orgue \u00e0 Chablis","url":"https:\/\/always.orgueachablis.fr\/","logo":{"@type":"ImageObject","inLanguage":"fr-FR","@id":"https:\/\/always.orgueachablis.fr\/#\/schema\/logo\/image\/","url":"https:\/\/www.orgueachablis.fr\/wp-content\/uploads\/2022\/05\/cropped-WhatsApp-Image-2022-05-09-at-00.27.37-1.jpeg","contentUrl":"https:\/\/www.orgueachablis.fr\/wp-content\/uploads\/2022\/05\/cropped-WhatsApp-Image-2022-05-09-at-00.27.37-1.jpeg","width":1700,"height":750,"caption":"Orgue \u00e0 Chablis"},"image":{"@id":"https:\/\/always.orgueachablis.fr\/#\/schema\/logo\/image\/"},"sameAs":["https:\/\/www.facebook.com\/orgueachablis"]}]}},"_links":{"self":[{"href":"https:\/\/always.orgueachablis.fr\/index.php?rest_route=\/wp\/v2\/pages\/306"}],"collection":[{"href":"https:\/\/always.orgueachablis.fr\/index.php?rest_route=\/wp\/v2\/pages"}],"about":[{"href":"https:\/\/always.orgueachablis.fr\/index.php?rest_route=\/wp\/v2\/types\/page"}],"author":[{"embeddable":true,"href":"https:\/\/always.orgueachablis.fr\/index.php?rest_route=\/wp\/v2\/users\/1"}],"replies":[{"embeddable":true,"href":"https:\/\/always.orgueachablis.fr\/index.php?rest_route=%2Fwp%2Fv2%2Fcomments&post=306"}],"version-history":[{"count":5,"href":"https:\/\/always.orgueachablis.fr\/index.php?rest_route=\/wp\/v2\/pages\/306\/revisions"}],"predecessor-version":[{"id":439,"href":"https:\/\/always.orgueachablis.fr\/index.php?rest_route=\/wp\/v2\/pages\/306\/revisions\/439"}],"wp:attachment":[{"href":"https:\/\/always.orgueachablis.fr\/index.php?rest_route=%2Fwp%2Fv2%2Fmedia&parent=306"}],"curies":[{"name":"wp","href":"https:\/\/api.w.org\/{rel}","templated":true}]}}