{"id":311,"date":"2023-06-10T20:41:25","date_gmt":"2023-06-10T18:41:25","guid":{"rendered":"https:\/\/www.orgueachablis.fr\/?page_id=311"},"modified":"2024-07-12T00:02:39","modified_gmt":"2024-07-11T22:02:39","slug":"lorgue-giroud-de-leglise-saint-martial-de-seignelay","status":"publish","type":"page","link":"https:\/\/always.orgueachablis.fr\/?page_id=311","title":{"rendered":"L&rsquo;orgue Giroud de l\u2019\u00c9glise Saint-Martial de Seignelay"},"content":{"rendered":"\t\t<div data-elementor-type=\"wp-page\" data-elementor-id=\"311\" class=\"elementor elementor-311\" data-elementor-settings=\"[]\">\n\t\t\t\t\t\t<div class=\"elementor-inner\">\n\t\t\t\t\t\t\t<div class=\"elementor-section-wrap\">\n\t\t\t\t\t\t\t<section class=\"elementor-section elementor-top-section elementor-element elementor-element-cca7594 elementor-section-boxed elementor-section-height-default elementor-section-height-default\" data-id=\"cca7594\" data-element_type=\"section\">\n\t\t\t\t\t\t<div class=\"elementor-container elementor-column-gap-default\">\n\t\t\t\t\t\t\t<div class=\"elementor-row\">\n\t\t\t\t\t<div class=\"elementor-column elementor-col-100 elementor-top-column elementor-element elementor-element-be548f6\" data-id=\"be548f6\" data-element_type=\"column\">\n\t\t\t<div class=\"elementor-column-wrap elementor-element-populated\">\n\t\t\t\t\t\t\t<div class=\"elementor-widget-wrap\">\n\t\t\t\t\t\t<div class=\"elementor-element elementor-element-ca098a2 elementor-widget elementor-widget-image\" data-id=\"ca098a2\" data-element_type=\"widget\" data-widget_type=\"image.default\">\n\t\t\t\t<div class=\"elementor-widget-container\">\n\t\t\t\t\t<div class=\"elementor-image\">\n\t\t\t\t\t\t\t<figure class=\"wp-caption\">\n\t\t\t\t\t\t\t\t\t\t<img width=\"640\" height=\"426\" src=\"https:\/\/always.orgueachablis.fr\/wp-content\/uploads\/2023\/06\/Orgue-Seignelay.jpg\" class=\"attachment-large size-large\" alt=\"\" loading=\"lazy\" srcset=\"https:\/\/always.orgueachablis.fr\/wp-content\/uploads\/2023\/06\/Orgue-Seignelay.jpg 800w, https:\/\/always.orgueachablis.fr\/wp-content\/uploads\/2023\/06\/Orgue-Seignelay-300x200.jpg 300w, https:\/\/always.orgueachablis.fr\/wp-content\/uploads\/2023\/06\/Orgue-Seignelay-768x512.jpg 768w\" sizes=\"(max-width: 640px) 100vw, 640px\" \/>\t\t\t\t\t\t\t\t\t\t\t<figcaption class=\"widget-image-caption wp-caption-text\">\u00a9 Les amis des Orgues de Seignelay<\/figcaption>\n\t\t\t\t\t\t\t\t\t\t<\/figure>\n\t\t\t\t\t<\/div>\n\t\t\t\t<\/div>\n\t\t\t\t<\/div>\n\t\t\t\t\t\t<\/div>\n\t\t\t\t\t<\/div>\n\t\t<\/div>\n\t\t\t\t\t\t\t\t<\/div>\n\t\t\t\t\t<\/div>\n\t\t<\/section>\n\t\t\t\t<section class=\"elementor-section elementor-top-section elementor-element elementor-element-1e55a9f elementor-section-boxed elementor-section-height-default elementor-section-height-default\" data-id=\"1e55a9f\" data-element_type=\"section\">\n\t\t\t\t\t\t<div class=\"elementor-container elementor-column-gap-default\">\n\t\t\t\t\t\t\t<div class=\"elementor-row\">\n\t\t\t\t\t<div class=\"elementor-column elementor-col-100 elementor-top-column elementor-element elementor-element-5d0309e\" data-id=\"5d0309e\" data-element_type=\"column\">\n\t\t\t<div class=\"elementor-column-wrap elementor-element-populated\">\n\t\t\t\t\t\t\t<div class=\"elementor-widget-wrap\">\n\t\t\t\t\t\t<div class=\"elementor-element elementor-element-0551450 elementor-widget elementor-widget-text-editor\" data-id=\"0551450\" data-element_type=\"widget\" data-widget_type=\"text-editor.default\">\n\t\t\t\t<div class=\"elementor-widget-container\">\n\t\t\t\t\t<div class=\"elementor-text-editor elementor-clearfix\"><p>L&rsquo;orgue de Saint-Martial de Seignelay, fut construit en 1987 par Michel Giroud gr\u00e2ce au seul soutien des <a href=\"http:\/\/orgue-seignelay.fr\/\">Amis des Orgues de Seignelay<\/a>. <\/p><p>D\u2019esth\u00e9tique baroque &#8211; comprenant 17 jeux et deux claviers &#8211; cet orgue est accord\u00e9 en temp\u00e9rament in\u00e9gal (Werkmeister III). Au sol, l&rsquo;instrument s&rsquo;impose gr\u00e2ce \u00e0 l&rsquo;esth\u00e9tique de son buffet en ch\u00eane.<\/p><\/div>\n\t\t\t\t<\/div>\n\t\t\t\t<\/div>\n\t\t\t\t\t\t<\/div>\n\t\t\t\t\t<\/div>\n\t\t<\/div>\n\t\t\t\t\t\t\t\t<\/div>\n\t\t\t\t\t<\/div>\n\t\t<\/section>\n\t\t\t\t<section class=\"elementor-section elementor-top-section elementor-element elementor-element-5271733 elementor-section-boxed elementor-section-height-default elementor-section-height-default\" data-id=\"5271733\" data-element_type=\"section\">\n\t\t\t\t\t\t<div class=\"elementor-container elementor-column-gap-default\">\n\t\t\t\t\t\t\t<div class=\"elementor-row\">\n\t\t\t\t\t<div class=\"elementor-column elementor-col-100 elementor-top-column elementor-element elementor-element-1fdf8e5\" data-id=\"1fdf8e5\" data-element_type=\"column\">\n\t\t\t<div class=\"elementor-column-wrap elementor-element-populated\">\n\t\t\t\t\t\t\t<div class=\"elementor-widget-wrap\">\n\t\t\t\t\t\t<div class=\"elementor-element elementor-element-74ae1a7 elementor-widget elementor-widget-image\" data-id=\"74ae1a7\" data-element_type=\"widget\" data-widget_type=\"image.default\">\n\t\t\t\t<div class=\"elementor-widget-container\">\n\t\t\t\t\t<div class=\"elementor-image\">\n\t\t\t\t\t\t\t<figure class=\"wp-caption\">\n\t\t\t\t\t\t\t\t\t\t\t<a href=\"https:\/\/inventaire-des-orgues.fr\/detail\/orgue-seignelay-eglise-saint-martial-fr-89382-seign-stmart1-x\/\">\n\t\t\t\t\t\t\t<img width=\"640\" height=\"462\" src=\"https:\/\/always.orgueachablis.fr\/wp-content\/uploads\/2023\/06\/composition-Seignelay.png\" class=\"attachment-large size-large\" alt=\"\" loading=\"lazy\" srcset=\"https:\/\/always.orgueachablis.fr\/wp-content\/uploads\/2023\/06\/composition-Seignelay.png 806w, https:\/\/always.orgueachablis.fr\/wp-content\/uploads\/2023\/06\/composition-Seignelay-300x217.png 300w, https:\/\/always.orgueachablis.fr\/wp-content\/uploads\/2023\/06\/composition-Seignelay-768x555.png 768w\" sizes=\"(max-width: 640px) 100vw, 640px\" \/>\t\t\t\t\t\t\t\t<\/a>\n\t\t\t\t\t\t\t\t\t\t\t<figcaption class=\"widget-image-caption wp-caption-text\">inventaire-des-orgues.fr<\/figcaption>\n\t\t\t\t\t\t\t\t\t\t<\/figure>\n\t\t\t\t\t<\/div>\n\t\t\t\t<\/div>\n\t\t\t\t<\/div>\n\t\t\t\t\t\t<\/div>\n\t\t\t\t\t<\/div>\n\t\t<\/div>\n\t\t\t\t\t\t\t\t<\/div>\n\t\t\t\t\t<\/div>\n\t\t<\/section>\n\t\t\t\t<section class=\"elementor-section elementor-top-section elementor-element elementor-element-7c4dc4f elementor-section-boxed elementor-section-height-default elementor-section-height-default\" data-id=\"7c4dc4f\" data-element_type=\"section\">\n\t\t\t\t\t\t<div class=\"elementor-container elementor-column-gap-default\">\n\t\t\t\t\t\t\t<div class=\"elementor-row\">\n\t\t\t\t\t<div class=\"elementor-column elementor-col-100 elementor-top-column elementor-element elementor-element-7bfa1d8\" data-id=\"7bfa1d8\" data-element_type=\"column\">\n\t\t\t<div class=\"elementor-column-wrap elementor-element-populated\">\n\t\t\t\t\t\t\t<div class=\"elementor-widget-wrap\">\n\t\t\t\t\t\t<div class=\"elementor-element elementor-element-8259143 elementor-widget elementor-widget-heading\" data-id=\"8259143\" data-element_type=\"widget\" data-widget_type=\"heading.default\">\n\t\t\t\t<div class=\"elementor-widget-container\">\n\t\t\t<h6 class=\"elementor-heading-title elementor-size-default\"><i> L\u2019\u00c9glise Saint-Martial de Seignelay<\/h6>\t\t<\/div>\n\t\t\t\t<\/div>\n\t\t\t\t\t\t<\/div>\n\t\t\t\t\t<\/div>\n\t\t<\/div>\n\t\t\t\t\t\t\t\t<\/div>\n\t\t\t\t\t<\/div>\n\t\t<\/section>\n\t\t\t\t<section class=\"elementor-section elementor-top-section elementor-element elementor-element-29f7c1b elementor-section-boxed elementor-section-height-default elementor-section-height-default\" data-id=\"29f7c1b\" data-element_type=\"section\">\n\t\t\t\t\t\t<div class=\"elementor-container elementor-column-gap-default\">\n\t\t\t\t\t\t\t<div class=\"elementor-row\">\n\t\t\t\t\t<div class=\"elementor-column elementor-col-100 elementor-top-column elementor-element elementor-element-f027bf6\" data-id=\"f027bf6\" data-element_type=\"column\">\n\t\t\t<div class=\"elementor-column-wrap elementor-element-populated\">\n\t\t\t\t\t\t\t<div class=\"elementor-widget-wrap\">\n\t\t\t\t\t\t<div class=\"elementor-element elementor-element-e54aed5 elementor-widget elementor-widget-image\" data-id=\"e54aed5\" data-element_type=\"widget\" data-widget_type=\"image.default\">\n\t\t\t\t<div class=\"elementor-widget-container\">\n\t\t\t\t\t<div class=\"elementor-image\">\n\t\t\t\t\t\t\t<figure class=\"wp-caption\">\n\t\t\t\t\t\t\t\t\t\t<img width=\"640\" height=\"853\" src=\"https:\/\/always.orgueachablis.fr\/wp-content\/uploads\/2023\/06\/Seignelay-eglise-interieur-768x1024.jpg\" class=\"attachment-large size-large\" alt=\"\" loading=\"lazy\" srcset=\"https:\/\/always.orgueachablis.fr\/wp-content\/uploads\/2023\/06\/Seignelay-eglise-interieur-768x1024.jpg 768w, https:\/\/always.orgueachablis.fr\/wp-content\/uploads\/2023\/06\/Seignelay-eglise-interieur-225x300.jpg 225w, https:\/\/always.orgueachablis.fr\/wp-content\/uploads\/2023\/06\/Seignelay-eglise-interieur-1152x1536.jpg 1152w, https:\/\/always.orgueachablis.fr\/wp-content\/uploads\/2023\/06\/Seignelay-eglise-interieur.jpg 1500w\" sizes=\"(max-width: 640px) 100vw, 640px\" \/>\t\t\t\t\t\t\t\t\t\t\t<figcaption class=\"widget-image-caption wp-caption-text\">\u00a9 S. Avril<\/figcaption>\n\t\t\t\t\t\t\t\t\t\t<\/figure>\n\t\t\t\t\t<\/div>\n\t\t\t\t<\/div>\n\t\t\t\t<\/div>\n\t\t\t\t\t\t<\/div>\n\t\t\t\t\t<\/div>\n\t\t<\/div>\n\t\t\t\t\t\t\t\t<\/div>\n\t\t\t\t\t<\/div>\n\t\t<\/section>\n\t\t\t\t<section class=\"elementor-section elementor-top-section elementor-element elementor-element-5e34e7a elementor-section-boxed elementor-section-height-default elementor-section-height-default\" data-id=\"5e34e7a\" data-element_type=\"section\">\n\t\t\t\t\t\t<div class=\"elementor-container elementor-column-gap-default\">\n\t\t\t\t\t\t\t<div class=\"elementor-row\">\n\t\t\t\t\t<div class=\"elementor-column elementor-col-100 elementor-top-column elementor-element elementor-element-334f4bf\" data-id=\"334f4bf\" data-element_type=\"column\">\n\t\t\t<div class=\"elementor-column-wrap elementor-element-populated\">\n\t\t\t\t\t\t\t<div class=\"elementor-widget-wrap\">\n\t\t\t\t\t\t<div class=\"elementor-element elementor-element-eb8680c elementor-widget elementor-widget-text-editor\" data-id=\"eb8680c\" data-element_type=\"widget\" data-widget_type=\"text-editor.default\">\n\t\t\t\t<div class=\"elementor-widget-container\">\n\t\t\t\t\t<div class=\"elementor-text-editor elementor-clearfix\"><p>L\u2019\u00c9glise Saint-Martial de Seignelay fut construite vers 1550 sous l&rsquo;impulsion de Jean de la Rivi\u00e8re, alors baron de Seignelay. D&rsquo;esth\u00e9tique Gothique, elle arbore une grande tour-clocher, de 40 m\u00e8tres de hauteur, bord\u00e9e de contreforts.<\/p><p>Il subsiste dans cette \u00e9glise de nombreux vestiges du pass\u00e9 datant des XVIe et XVIIe si\u00e8cles, comme quelques vitraux dans le ch\u0153ur, ou encore le ma\u00eetre-autel (autel principal, plac\u00e9 dans l&rsquo;axe de la nef) provenant en partie du ch\u00e2teau de Seignelay. <\/p><\/div>\n\t\t\t\t<\/div>\n\t\t\t\t<\/div>\n\t\t\t\t\t\t<\/div>\n\t\t\t\t\t<\/div>\n\t\t<\/div>\n\t\t\t\t\t\t\t\t<\/div>\n\t\t\t\t\t<\/div>\n\t\t<\/section>\n\t\t\t\t<section class=\"elementor-section elementor-top-section elementor-element elementor-element-4c7b718 elementor-section-boxed elementor-section-height-default elementor-section-height-default\" data-id=\"4c7b718\" data-element_type=\"section\">\n\t\t\t\t\t\t<div class=\"elementor-container elementor-column-gap-default\">\n\t\t\t\t\t\t\t<div class=\"elementor-row\">\n\t\t\t\t\t<div class=\"elementor-column elementor-col-100 elementor-top-column elementor-element elementor-element-1ae1cc9\" data-id=\"1ae1cc9\" data-element_type=\"column\">\n\t\t\t<div class=\"elementor-column-wrap elementor-element-populated\">\n\t\t\t\t\t\t\t<div class=\"elementor-widget-wrap\">\n\t\t\t\t\t\t<div class=\"elementor-element elementor-element-059af23 elementor-widget elementor-widget-image\" data-id=\"059af23\" data-element_type=\"widget\" data-widget_type=\"image.default\">\n\t\t\t\t<div class=\"elementor-widget-container\">\n\t\t\t\t\t<div class=\"elementor-image\">\n\t\t\t\t\t\t\t<figure class=\"wp-caption\">\n\t\t\t\t\t\t\t\t\t\t\t<a href=\"https:\/\/commons.wikimedia.org\/w\/index.php?curid=58225656\">\n\t\t\t\t\t\t\t<img width=\"640\" height=\"480\" src=\"https:\/\/always.orgueachablis.fr\/wp-content\/uploads\/2023\/06\/1280px-Seignelay_Yonne-p.-lapointe-1024x768.jpg\" class=\"attachment-large size-large\" alt=\"\" loading=\"lazy\" srcset=\"https:\/\/always.orgueachablis.fr\/wp-content\/uploads\/2023\/06\/1280px-Seignelay_Yonne-p.-lapointe-1024x768.jpg 1024w, https:\/\/always.orgueachablis.fr\/wp-content\/uploads\/2023\/06\/1280px-Seignelay_Yonne-p.-lapointe-300x225.jpg 300w, https:\/\/always.orgueachablis.fr\/wp-content\/uploads\/2023\/06\/1280px-Seignelay_Yonne-p.-lapointe-768x576.jpg 768w, https:\/\/always.orgueachablis.fr\/wp-content\/uploads\/2023\/06\/1280px-Seignelay_Yonne-p.-lapointe.jpg 1280w\" sizes=\"(max-width: 640px) 100vw, 640px\" \/>\t\t\t\t\t\t\t\t<\/a>\n\t\t\t\t\t\t\t\t\t\t\t<figcaption class=\"widget-image-caption wp-caption-text\">\u00a9 Pierre Lapointe<\/figcaption>\n\t\t\t\t\t\t\t\t\t\t<\/figure>\n\t\t\t\t\t<\/div>\n\t\t\t\t<\/div>\n\t\t\t\t<\/div>\n\t\t\t\t\t\t<\/div>\n\t\t\t\t\t<\/div>\n\t\t<\/div>\n\t\t\t\t\t\t\t\t<\/div>\n\t\t\t\t\t<\/div>\n\t\t<\/section>\n\t\t\t\t\t\t<\/div>\n\t\t\t\t\t\t<\/div>\n\t\t\t\t\t<\/div>\n\t\t","protected":false},"excerpt":{"rendered":"<p>\u00a9 Les amis des Orgues de Seignelay L&rsquo;orgue de Saint-Martial de Seignelay, fut construit en 1987 par Michel Giroud gr\u00e2ce au seul soutien des Amis&#8230;<\/p>\n","protected":false},"author":1,"featured_media":0,"parent":0,"menu_order":0,"comment_status":"closed","ping_status":"closed","template":"","meta":[],"yoast_head":"<!-- This site is optimized with the Yoast SEO plugin v19.13 - https:\/\/yoast.com\/wordpress\/plugins\/seo\/ -->\n<title>L&#039;orgue Giroud de l\u2019\u00c9glise Saint-Martial de Seignelay - Orgue \u00e0 Chablis<\/title>\n<meta name=\"description\" content=\"L\u2019orgue de Saint-Martial de Seignelay, fut construit en 1987 par Michel Giroud gr\u00e2ce au seul soutien des Amis des Orgues de Seignelay.D\u2019esth\u00e9tique baroque \u2013 comprenant 17 jeux et deux claviers \u2013 cet orgue est accord\u00e9 en temp\u00e9rament in\u00e9gal (Werkmeister III). Au sol, l\u2019instrument s\u2019impose gr\u00e2ce \u00e0 l\u2019esth\u00e9tique de son buffet en ch\u00eane.\" \/>\n<meta name=\"robots\" content=\"index, follow, max-snippet:-1, max-image-preview:large, max-video-preview:-1\" \/>\n<link rel=\"canonical\" href=\"https:\/\/always.orgueachablis.fr\/?page_id=311\" \/>\n<meta property=\"og:locale\" content=\"fr_FR\" \/>\n<meta property=\"og:type\" content=\"article\" \/>\n<meta property=\"og:title\" content=\"L&#039;orgue Giroud de l\u2019\u00c9glise Saint-Martial de Seignelay - Orgue \u00e0 Chablis\" \/>\n<meta property=\"og:description\" content=\"L\u2019orgue de Saint-Martial de Seignelay, fut construit en 1987 par Michel Giroud gr\u00e2ce au seul soutien des Amis des Orgues de Seignelay.D\u2019esth\u00e9tique baroque \u2013 comprenant 17 jeux et deux claviers \u2013 cet orgue est accord\u00e9 en temp\u00e9rament in\u00e9gal (Werkmeister III). Au sol, l\u2019instrument s\u2019impose gr\u00e2ce \u00e0 l\u2019esth\u00e9tique de son buffet en ch\u00eane.\" \/>\n<meta property=\"og:url\" content=\"https:\/\/always.orgueachablis.fr\/?page_id=311\" \/>\n<meta property=\"og:site_name\" content=\"Orgue \u00e0 Chablis\" \/>\n<meta property=\"article:publisher\" content=\"https:\/\/www.facebook.com\/orgueachablis\" \/>\n<meta property=\"article:modified_time\" content=\"2024-07-11T22:02:39+00:00\" \/>\n<meta property=\"og:image\" content=\"http:\/\/www.orgueachablis.fr\/wp-content\/uploads\/2023\/06\/Orgue-Seignelay.jpg\" \/>\n<meta name=\"twitter:card\" content=\"summary_large_image\" \/>\n<meta name=\"twitter:label1\" content=\"Dur\u00e9e de lecture estim\u00e9e\" \/>\n\t<meta name=\"twitter:data1\" content=\"2 minutes\" \/>\n<script type=\"application\/ld+json\" class=\"yoast-schema-graph\">{\"@context\":\"https:\/\/schema.org\",\"@graph\":[{\"@type\":\"WebPage\",\"@id\":\"https:\/\/always.orgueachablis.fr\/?page_id=311\",\"url\":\"https:\/\/always.orgueachablis.fr\/?page_id=311\",\"name\":\"L'orgue Giroud de l\u2019\u00c9glise Saint-Martial de Seignelay - Orgue \u00e0 Chablis\",\"isPartOf\":{\"@id\":\"https:\/\/always.orgueachablis.fr\/#website\"},\"datePublished\":\"2023-06-10T18:41:25+00:00\",\"dateModified\":\"2024-07-11T22:02:39+00:00\",\"description\":\"L\u2019orgue de Saint-Martial de Seignelay, fut construit en 1987 par Michel Giroud gr\u00e2ce au seul soutien des Amis des Orgues de Seignelay.D\u2019esth\u00e9tique baroque \u2013 comprenant 17 jeux et deux claviers \u2013 cet orgue est accord\u00e9 en temp\u00e9rament in\u00e9gal (Werkmeister III). Au sol, l\u2019instrument s\u2019impose gr\u00e2ce \u00e0 l\u2019esth\u00e9tique de son buffet en ch\u00eane.\",\"breadcrumb\":{\"@id\":\"https:\/\/always.orgueachablis.fr\/?page_id=311#breadcrumb\"},\"inLanguage\":\"fr-FR\",\"potentialAction\":[{\"@type\":\"ReadAction\",\"target\":[\"https:\/\/always.orgueachablis.fr\/?page_id=311\"]}]},{\"@type\":\"BreadcrumbList\",\"@id\":\"https:\/\/always.orgueachablis.fr\/?page_id=311#breadcrumb\",\"itemListElement\":[{\"@type\":\"ListItem\",\"position\":1,\"name\":\"Accueil\",\"item\":\"https:\/\/always.orgueachablis.fr\/\"},{\"@type\":\"ListItem\",\"position\":2,\"name\":\"L&rsquo;orgue Giroud de l\u2019\u00c9glise Saint-Martial de Seignelay\"}]},{\"@type\":\"WebSite\",\"@id\":\"https:\/\/always.orgueachablis.fr\/#website\",\"url\":\"https:\/\/always.orgueachablis.fr\/\",\"name\":\"Orgue \u00e0 Chablis\",\"description\":\"Un Festival In\u00e9dit\",\"publisher\":{\"@id\":\"https:\/\/always.orgueachablis.fr\/#organization\"},\"potentialAction\":[{\"@type\":\"SearchAction\",\"target\":{\"@type\":\"EntryPoint\",\"urlTemplate\":\"https:\/\/always.orgueachablis.fr\/?s={search_term_string}\"},\"query-input\":\"required name=search_term_string\"}],\"inLanguage\":\"fr-FR\"},{\"@type\":\"Organization\",\"@id\":\"https:\/\/always.orgueachablis.fr\/#organization\",\"name\":\"Orgue \u00e0 Chablis\",\"url\":\"https:\/\/always.orgueachablis.fr\/\",\"logo\":{\"@type\":\"ImageObject\",\"inLanguage\":\"fr-FR\",\"@id\":\"https:\/\/always.orgueachablis.fr\/#\/schema\/logo\/image\/\",\"url\":\"https:\/\/www.orgueachablis.fr\/wp-content\/uploads\/2022\/05\/cropped-WhatsApp-Image-2022-05-09-at-00.27.37-1.jpeg\",\"contentUrl\":\"https:\/\/www.orgueachablis.fr\/wp-content\/uploads\/2022\/05\/cropped-WhatsApp-Image-2022-05-09-at-00.27.37-1.jpeg\",\"width\":1700,\"height\":750,\"caption\":\"Orgue \u00e0 Chablis\"},\"image\":{\"@id\":\"https:\/\/always.orgueachablis.fr\/#\/schema\/logo\/image\/\"},\"sameAs\":[\"https:\/\/www.facebook.com\/orgueachablis\"]}]}<\/script>\n<!-- \/ Yoast SEO plugin. -->","yoast_head_json":{"title":"L'orgue Giroud de l\u2019\u00c9glise Saint-Martial de Seignelay - Orgue \u00e0 Chablis","description":"L\u2019orgue de Saint-Martial de Seignelay, fut construit en 1987 par Michel Giroud gr\u00e2ce au seul soutien des Amis des Orgues de Seignelay.D\u2019esth\u00e9tique baroque \u2013 comprenant 17 jeux et deux claviers \u2013 cet orgue est accord\u00e9 en temp\u00e9rament in\u00e9gal (Werkmeister III). Au sol, l\u2019instrument s\u2019impose gr\u00e2ce \u00e0 l\u2019esth\u00e9tique de son buffet en ch\u00eane.","robots":{"index":"index","follow":"follow","max-snippet":"max-snippet:-1","max-image-preview":"max-image-preview:large","max-video-preview":"max-video-preview:-1"},"canonical":"https:\/\/always.orgueachablis.fr\/?page_id=311","og_locale":"fr_FR","og_type":"article","og_title":"L'orgue Giroud de l\u2019\u00c9glise Saint-Martial de Seignelay - Orgue \u00e0 Chablis","og_description":"L\u2019orgue de Saint-Martial de Seignelay, fut construit en 1987 par Michel Giroud gr\u00e2ce au seul soutien des Amis des Orgues de Seignelay.D\u2019esth\u00e9tique baroque \u2013 comprenant 17 jeux et deux claviers \u2013 cet orgue est accord\u00e9 en temp\u00e9rament in\u00e9gal (Werkmeister III). Au sol, l\u2019instrument s\u2019impose gr\u00e2ce \u00e0 l\u2019esth\u00e9tique de son buffet en ch\u00eane.","og_url":"https:\/\/always.orgueachablis.fr\/?page_id=311","og_site_name":"Orgue \u00e0 Chablis","article_publisher":"https:\/\/www.facebook.com\/orgueachablis","article_modified_time":"2024-07-11T22:02:39+00:00","og_image":[{"url":"http:\/\/www.orgueachablis.fr\/wp-content\/uploads\/2023\/06\/Orgue-Seignelay.jpg"}],"twitter_card":"summary_large_image","twitter_misc":{"Dur\u00e9e de lecture estim\u00e9e":"2 minutes"},"schema":{"@context":"https:\/\/schema.org","@graph":[{"@type":"WebPage","@id":"https:\/\/always.orgueachablis.fr\/?page_id=311","url":"https:\/\/always.orgueachablis.fr\/?page_id=311","name":"L'orgue Giroud de l\u2019\u00c9glise Saint-Martial de Seignelay - Orgue \u00e0 Chablis","isPartOf":{"@id":"https:\/\/always.orgueachablis.fr\/#website"},"datePublished":"2023-06-10T18:41:25+00:00","dateModified":"2024-07-11T22:02:39+00:00","description":"L\u2019orgue de Saint-Martial de Seignelay, fut construit en 1987 par Michel Giroud gr\u00e2ce au seul soutien des Amis des Orgues de Seignelay.D\u2019esth\u00e9tique baroque \u2013 comprenant 17 jeux et deux claviers \u2013 cet orgue est accord\u00e9 en temp\u00e9rament in\u00e9gal (Werkmeister III). Au sol, l\u2019instrument s\u2019impose gr\u00e2ce \u00e0 l\u2019esth\u00e9tique de son buffet en ch\u00eane.","breadcrumb":{"@id":"https:\/\/always.orgueachablis.fr\/?page_id=311#breadcrumb"},"inLanguage":"fr-FR","potentialAction":[{"@type":"ReadAction","target":["https:\/\/always.orgueachablis.fr\/?page_id=311"]}]},{"@type":"BreadcrumbList","@id":"https:\/\/always.orgueachablis.fr\/?page_id=311#breadcrumb","itemListElement":[{"@type":"ListItem","position":1,"name":"Accueil","item":"https:\/\/always.orgueachablis.fr\/"},{"@type":"ListItem","position":2,"name":"L&rsquo;orgue Giroud de l\u2019\u00c9glise Saint-Martial de Seignelay"}]},{"@type":"WebSite","@id":"https:\/\/always.orgueachablis.fr\/#website","url":"https:\/\/always.orgueachablis.fr\/","name":"Orgue \u00e0 Chablis","description":"Un Festival In\u00e9dit","publisher":{"@id":"https:\/\/always.orgueachablis.fr\/#organization"},"potentialAction":[{"@type":"SearchAction","target":{"@type":"EntryPoint","urlTemplate":"https:\/\/always.orgueachablis.fr\/?s={search_term_string}"},"query-input":"required name=search_term_string"}],"inLanguage":"fr-FR"},{"@type":"Organization","@id":"https:\/\/always.orgueachablis.fr\/#organization","name":"Orgue \u00e0 Chablis","url":"https:\/\/always.orgueachablis.fr\/","logo":{"@type":"ImageObject","inLanguage":"fr-FR","@id":"https:\/\/always.orgueachablis.fr\/#\/schema\/logo\/image\/","url":"https:\/\/www.orgueachablis.fr\/wp-content\/uploads\/2022\/05\/cropped-WhatsApp-Image-2022-05-09-at-00.27.37-1.jpeg","contentUrl":"https:\/\/www.orgueachablis.fr\/wp-content\/uploads\/2022\/05\/cropped-WhatsApp-Image-2022-05-09-at-00.27.37-1.jpeg","width":1700,"height":750,"caption":"Orgue \u00e0 Chablis"},"image":{"@id":"https:\/\/always.orgueachablis.fr\/#\/schema\/logo\/image\/"},"sameAs":["https:\/\/www.facebook.com\/orgueachablis"]}]}},"_links":{"self":[{"href":"https:\/\/always.orgueachablis.fr\/index.php?rest_route=\/wp\/v2\/pages\/311"}],"collection":[{"href":"https:\/\/always.orgueachablis.fr\/index.php?rest_route=\/wp\/v2\/pages"}],"about":[{"href":"https:\/\/always.orgueachablis.fr\/index.php?rest_route=\/wp\/v2\/types\/page"}],"author":[{"embeddable":true,"href":"https:\/\/always.orgueachablis.fr\/index.php?rest_route=\/wp\/v2\/users\/1"}],"replies":[{"embeddable":true,"href":"https:\/\/always.orgueachablis.fr\/index.php?rest_route=%2Fwp%2Fv2%2Fcomments&post=311"}],"version-history":[{"count":7,"href":"https:\/\/always.orgueachablis.fr\/index.php?rest_route=\/wp\/v2\/pages\/311\/revisions"}],"predecessor-version":[{"id":438,"href":"https:\/\/always.orgueachablis.fr\/index.php?rest_route=\/wp\/v2\/pages\/311\/revisions\/438"}],"wp:attachment":[{"href":"https:\/\/always.orgueachablis.fr\/index.php?rest_route=%2Fwp%2Fv2%2Fmedia&parent=311"}],"curies":[{"name":"wp","href":"https:\/\/api.w.org\/{rel}","templated":true}]}}