{"id":383,"date":"2024-06-03T16:02:16","date_gmt":"2024-06-03T14:02:16","guid":{"rendered":"https:\/\/www.orgueachablis.fr\/?page_id=383"},"modified":"2024-07-11T23:53:32","modified_gmt":"2024-07-11T21:53:32","slug":"edition-2024","status":"publish","type":"page","link":"https:\/\/always.orgueachablis.fr\/?page_id=383","title":{"rendered":"Edition 2024"},"content":{"rendered":"\t\t<div data-elementor-type=\"wp-page\" data-elementor-id=\"383\" class=\"elementor elementor-383\" data-elementor-settings=\"[]\">\n\t\t\t\t\t\t<div class=\"elementor-inner\">\n\t\t\t\t\t\t\t<div class=\"elementor-section-wrap\">\n\t\t\t\t\t\t\t<section class=\"elementor-section elementor-top-section elementor-element elementor-element-b9da688 elementor-section-boxed elementor-section-height-default elementor-section-height-default\" data-id=\"b9da688\" data-element_type=\"section\">\n\t\t\t\t\t\t<div class=\"elementor-container elementor-column-gap-default\">\n\t\t\t\t\t\t\t<div class=\"elementor-row\">\n\t\t\t\t\t<div class=\"elementor-column elementor-col-100 elementor-top-column elementor-element elementor-element-6059f98\" data-id=\"6059f98\" data-element_type=\"column\">\n\t\t\t<div class=\"elementor-column-wrap elementor-element-populated\">\n\t\t\t\t\t\t\t<div class=\"elementor-widget-wrap\">\n\t\t\t\t\t\t<div class=\"elementor-element elementor-element-e88b4f9 elementor-widget elementor-widget-text-editor\" data-id=\"e88b4f9\" data-element_type=\"widget\" data-widget_type=\"text-editor.default\">\n\t\t\t\t<div class=\"elementor-widget-container\">\n\t\t\t\t\t<div class=\"elementor-text-editor elementor-clearfix\"><p>Le festival Orgue \u00e0 Chablis a pour ambition la mise en valeur du patrimoine de la Coll\u00e9giale Saint-Martin de Chablis et de l&rsquo;\u00c9glise Saint-Martial de Seignelay tout en proposant une programmation musicale originale et innovante, dans les canons du concert de musique \u00ab classique \u00bb.<\/p><p>Destin\u00e9 \u00e0 tous les publics, le festival vous fera d\u00e9couvrir cet instrument fabuleux qu\u2019est l\u2019orgue et d\u00e9cloisonnera l\u2019acc\u00e8s \u00e0 son r\u00e9pertoire, \u00e0 travers plusieurs concerts et pr\u00e9sentations de l\u2019orgue de la Coll\u00e9giale.<\/p><p>Cette troisi\u00e8me \u00e9dition s\u2019articulera autour du hautbois, de la harpe et de l&rsquo;orgue. Les concerts se d\u00e9rouleront dans deux \u00e9glises afin de faire entendre diff\u00e9rentes sonorit\u00e9s tout en adaptant le r\u00e9pertoire \u00e0 deux orgues aux caract\u00e9ristiques bien distinctes.<\/p><p><strong>Soyez les bienvenus \u00e0 Seignelay et \u00e0 Chablis les 19, 20 et 21 juillet prochains !<\/strong><\/p><\/div>\n\t\t\t\t<\/div>\n\t\t\t\t<\/div>\n\t\t\t\t\t\t<\/div>\n\t\t\t\t\t<\/div>\n\t\t<\/div>\n\t\t\t\t\t\t\t\t<\/div>\n\t\t\t\t\t<\/div>\n\t\t<\/section>\n\t\t\t\t<section class=\"elementor-section elementor-top-section elementor-element elementor-element-102a5b1 elementor-section-boxed elementor-section-height-default elementor-section-height-default\" data-id=\"102a5b1\" data-element_type=\"section\">\n\t\t\t\t\t\t<div class=\"elementor-container elementor-column-gap-default\">\n\t\t\t\t\t\t\t<div class=\"elementor-row\">\n\t\t\t\t\t<div class=\"elementor-column elementor-col-50 elementor-top-column elementor-element elementor-element-4788460\" data-id=\"4788460\" data-element_type=\"column\">\n\t\t\t<div class=\"elementor-column-wrap elementor-element-populated\">\n\t\t\t\t\t\t\t<div class=\"elementor-widget-wrap\">\n\t\t\t\t\t\t<div class=\"elementor-element elementor-element-76c1b03 elementor-widget elementor-widget-heading\" data-id=\"76c1b03\" data-element_type=\"widget\" data-widget_type=\"heading.default\">\n\t\t\t\t<div class=\"elementor-widget-container\">\n\t\t\t<h6 class=\"elementor-heading-title elementor-size-default\"><a href=\"https:\/\/www.orgueachablis.fr\/?page_id=388\">D\u00e9couvrez le programme<\/a><\/h6>\t\t<\/div>\n\t\t\t\t<\/div>\n\t\t\t\t\t\t<\/div>\n\t\t\t\t\t<\/div>\n\t\t<\/div>\n\t\t\t\t<div class=\"elementor-column elementor-col-50 elementor-top-column elementor-element elementor-element-c0ca83d\" data-id=\"c0ca83d\" data-element_type=\"column\">\n\t\t\t<div class=\"elementor-column-wrap elementor-element-populated\">\n\t\t\t\t\t\t\t<div class=\"elementor-widget-wrap\">\n\t\t\t\t\t\t<div class=\"elementor-element elementor-element-997ecb6 elementor-widget elementor-widget-heading\" data-id=\"997ecb6\" data-element_type=\"widget\" data-widget_type=\"heading.default\">\n\t\t\t\t<div class=\"elementor-widget-container\">\n\t\t\t<h6 class=\"elementor-heading-title elementor-size-default\"><a href=\"https:\/\/www.orgueachablis.fr\/?page_id=23\">D\u00e9couvrez les artistes<\/a><\/h6>\t\t<\/div>\n\t\t\t\t<\/div>\n\t\t\t\t\t\t<\/div>\n\t\t\t\t\t<\/div>\n\t\t<\/div>\n\t\t\t\t\t\t\t\t<\/div>\n\t\t\t\t\t<\/div>\n\t\t<\/section>\n\t\t\t\t<section class=\"elementor-section elementor-top-section elementor-element elementor-element-413badb elementor-section-boxed elementor-section-height-default elementor-section-height-default\" data-id=\"413badb\" data-element_type=\"section\">\n\t\t\t\t\t\t<div class=\"elementor-container elementor-column-gap-default\">\n\t\t\t\t\t\t\t<div class=\"elementor-row\">\n\t\t\t\t\t<div class=\"elementor-column elementor-col-100 elementor-top-column elementor-element elementor-element-dc0ab10\" data-id=\"dc0ab10\" data-element_type=\"column\">\n\t\t\t<div class=\"elementor-column-wrap elementor-element-populated\">\n\t\t\t\t\t\t\t<div class=\"elementor-widget-wrap\">\n\t\t\t\t\t\t<div class=\"elementor-element elementor-element-7a275c5 elementor-widget elementor-widget-heading\" data-id=\"7a275c5\" data-element_type=\"widget\" data-widget_type=\"heading.default\">\n\t\t\t\t<div class=\"elementor-widget-container\">\n\t\t\t<h6 class=\"elementor-heading-title elementor-size-default\"><a href=\"https:\/\/www.orgueachablis.fr\/?page_id=306\">D\u00e9couvrez les orgues<\/a><\/h6>\t\t<\/div>\n\t\t\t\t<\/div>\n\t\t\t\t\t\t<\/div>\n\t\t\t\t\t<\/div>\n\t\t<\/div>\n\t\t\t\t\t\t\t\t<\/div>\n\t\t\t\t\t<\/div>\n\t\t<\/section>\n\t\t\t\t\t\t<\/div>\n\t\t\t\t\t\t<\/div>\n\t\t\t\t\t<\/div>\n\t\t","protected":false},"excerpt":{"rendered":"<p>Le festival Orgue \u00e0 Chablis a pour ambition la mise en valeur du patrimoine de la Coll\u00e9giale Saint-Martin de Chablis et de l&rsquo;\u00c9glise Saint-Martial de&#8230;<\/p>\n","protected":false},"author":1,"featured_media":0,"parent":0,"menu_order":0,"comment_status":"closed","ping_status":"closed","template":"","meta":[],"yoast_head":"<!-- This site is optimized with the Yoast SEO plugin v19.13 - https:\/\/yoast.com\/wordpress\/plugins\/seo\/ -->\n<title>Edition 2024 - Orgue \u00e0 Chablis<\/title>\n<meta name=\"description\" content=\"Cette troisi\u00e8me \u00e9dition s\u2019articulera autour du hautbois, de la harpe et de l\u2019orgue. Les concerts se d\u00e9rouleront dans deux \u00e9glises afin de faire entendre diff\u00e9rentes sonorit\u00e9s tout en adaptant le r\u00e9pertoire \u00e0 deux orgues aux caract\u00e9ristiques bien distinctes. Soyez les bienvenus \u00e0 Seignelay et \u00e0 Chablis les 19, 20 et 21 juillet prochains !\" \/>\n<meta name=\"robots\" content=\"index, follow, max-snippet:-1, max-image-preview:large, max-video-preview:-1\" \/>\n<link rel=\"canonical\" href=\"https:\/\/always.orgueachablis.fr\/?page_id=383\" \/>\n<meta property=\"og:locale\" content=\"fr_FR\" \/>\n<meta property=\"og:type\" content=\"article\" \/>\n<meta property=\"og:title\" content=\"Edition 2024 - Orgue \u00e0 Chablis\" \/>\n<meta property=\"og:description\" content=\"Cette troisi\u00e8me \u00e9dition s\u2019articulera autour du hautbois, de la harpe et de l\u2019orgue. Les concerts se d\u00e9rouleront dans deux \u00e9glises afin de faire entendre diff\u00e9rentes sonorit\u00e9s tout en adaptant le r\u00e9pertoire \u00e0 deux orgues aux caract\u00e9ristiques bien distinctes. Soyez les bienvenus \u00e0 Seignelay et \u00e0 Chablis les 19, 20 et 21 juillet prochains !\" \/>\n<meta property=\"og:url\" content=\"https:\/\/always.orgueachablis.fr\/?page_id=383\" \/>\n<meta property=\"og:site_name\" content=\"Orgue \u00e0 Chablis\" \/>\n<meta property=\"article:publisher\" content=\"https:\/\/www.facebook.com\/orgueachablis\" \/>\n<meta property=\"article:modified_time\" content=\"2024-07-11T21:53:32+00:00\" \/>\n<meta name=\"twitter:card\" content=\"summary_large_image\" \/>\n<meta name=\"twitter:label1\" content=\"Dur\u00e9e de lecture estim\u00e9e\" \/>\n\t<meta name=\"twitter:data1\" content=\"1 minute\" \/>\n<script type=\"application\/ld+json\" class=\"yoast-schema-graph\">{\"@context\":\"https:\/\/schema.org\",\"@graph\":[{\"@type\":\"WebPage\",\"@id\":\"https:\/\/always.orgueachablis.fr\/?page_id=383\",\"url\":\"https:\/\/always.orgueachablis.fr\/?page_id=383\",\"name\":\"Edition 2024 - Orgue \u00e0 Chablis\",\"isPartOf\":{\"@id\":\"https:\/\/always.orgueachablis.fr\/#website\"},\"datePublished\":\"2024-06-03T14:02:16+00:00\",\"dateModified\":\"2024-07-11T21:53:32+00:00\",\"description\":\"Cette troisi\u00e8me \u00e9dition s\u2019articulera autour du hautbois, de la harpe et de l\u2019orgue. Les concerts se d\u00e9rouleront dans deux \u00e9glises afin de faire entendre diff\u00e9rentes sonorit\u00e9s tout en adaptant le r\u00e9pertoire \u00e0 deux orgues aux caract\u00e9ristiques bien distinctes. Soyez les bienvenus \u00e0 Seignelay et \u00e0 Chablis les 19, 20 et 21 juillet prochains !\",\"breadcrumb\":{\"@id\":\"https:\/\/always.orgueachablis.fr\/?page_id=383#breadcrumb\"},\"inLanguage\":\"fr-FR\",\"potentialAction\":[{\"@type\":\"ReadAction\",\"target\":[\"https:\/\/always.orgueachablis.fr\/?page_id=383\"]}]},{\"@type\":\"BreadcrumbList\",\"@id\":\"https:\/\/always.orgueachablis.fr\/?page_id=383#breadcrumb\",\"itemListElement\":[{\"@type\":\"ListItem\",\"position\":1,\"name\":\"Accueil\",\"item\":\"https:\/\/always.orgueachablis.fr\/\"},{\"@type\":\"ListItem\",\"position\":2,\"name\":\"Edition 2024\"}]},{\"@type\":\"WebSite\",\"@id\":\"https:\/\/always.orgueachablis.fr\/#website\",\"url\":\"https:\/\/always.orgueachablis.fr\/\",\"name\":\"Orgue \u00e0 Chablis\",\"description\":\"Un Festival In\u00e9dit\",\"publisher\":{\"@id\":\"https:\/\/always.orgueachablis.fr\/#organization\"},\"potentialAction\":[{\"@type\":\"SearchAction\",\"target\":{\"@type\":\"EntryPoint\",\"urlTemplate\":\"https:\/\/always.orgueachablis.fr\/?s={search_term_string}\"},\"query-input\":\"required name=search_term_string\"}],\"inLanguage\":\"fr-FR\"},{\"@type\":\"Organization\",\"@id\":\"https:\/\/always.orgueachablis.fr\/#organization\",\"name\":\"Orgue \u00e0 Chablis\",\"url\":\"https:\/\/always.orgueachablis.fr\/\",\"logo\":{\"@type\":\"ImageObject\",\"inLanguage\":\"fr-FR\",\"@id\":\"https:\/\/always.orgueachablis.fr\/#\/schema\/logo\/image\/\",\"url\":\"https:\/\/www.orgueachablis.fr\/wp-content\/uploads\/2022\/05\/cropped-WhatsApp-Image-2022-05-09-at-00.27.37-1.jpeg\",\"contentUrl\":\"https:\/\/www.orgueachablis.fr\/wp-content\/uploads\/2022\/05\/cropped-WhatsApp-Image-2022-05-09-at-00.27.37-1.jpeg\",\"width\":1700,\"height\":750,\"caption\":\"Orgue \u00e0 Chablis\"},\"image\":{\"@id\":\"https:\/\/always.orgueachablis.fr\/#\/schema\/logo\/image\/\"},\"sameAs\":[\"https:\/\/www.facebook.com\/orgueachablis\"]}]}<\/script>\n<!-- \/ Yoast SEO plugin. -->","yoast_head_json":{"title":"Edition 2024 - Orgue \u00e0 Chablis","description":"Cette troisi\u00e8me \u00e9dition s\u2019articulera autour du hautbois, de la harpe et de l\u2019orgue. Les concerts se d\u00e9rouleront dans deux \u00e9glises afin de faire entendre diff\u00e9rentes sonorit\u00e9s tout en adaptant le r\u00e9pertoire \u00e0 deux orgues aux caract\u00e9ristiques bien distinctes. Soyez les bienvenus \u00e0 Seignelay et \u00e0 Chablis les 19, 20 et 21 juillet prochains !","robots":{"index":"index","follow":"follow","max-snippet":"max-snippet:-1","max-image-preview":"max-image-preview:large","max-video-preview":"max-video-preview:-1"},"canonical":"https:\/\/always.orgueachablis.fr\/?page_id=383","og_locale":"fr_FR","og_type":"article","og_title":"Edition 2024 - Orgue \u00e0 Chablis","og_description":"Cette troisi\u00e8me \u00e9dition s\u2019articulera autour du hautbois, de la harpe et de l\u2019orgue. Les concerts se d\u00e9rouleront dans deux \u00e9glises afin de faire entendre diff\u00e9rentes sonorit\u00e9s tout en adaptant le r\u00e9pertoire \u00e0 deux orgues aux caract\u00e9ristiques bien distinctes. Soyez les bienvenus \u00e0 Seignelay et \u00e0 Chablis les 19, 20 et 21 juillet prochains !","og_url":"https:\/\/always.orgueachablis.fr\/?page_id=383","og_site_name":"Orgue \u00e0 Chablis","article_publisher":"https:\/\/www.facebook.com\/orgueachablis","article_modified_time":"2024-07-11T21:53:32+00:00","twitter_card":"summary_large_image","twitter_misc":{"Dur\u00e9e de lecture estim\u00e9e":"1 minute"},"schema":{"@context":"https:\/\/schema.org","@graph":[{"@type":"WebPage","@id":"https:\/\/always.orgueachablis.fr\/?page_id=383","url":"https:\/\/always.orgueachablis.fr\/?page_id=383","name":"Edition 2024 - Orgue \u00e0 Chablis","isPartOf":{"@id":"https:\/\/always.orgueachablis.fr\/#website"},"datePublished":"2024-06-03T14:02:16+00:00","dateModified":"2024-07-11T21:53:32+00:00","description":"Cette troisi\u00e8me \u00e9dition s\u2019articulera autour du hautbois, de la harpe et de l\u2019orgue. Les concerts se d\u00e9rouleront dans deux \u00e9glises afin de faire entendre diff\u00e9rentes sonorit\u00e9s tout en adaptant le r\u00e9pertoire \u00e0 deux orgues aux caract\u00e9ristiques bien distinctes. Soyez les bienvenus \u00e0 Seignelay et \u00e0 Chablis les 19, 20 et 21 juillet prochains !","breadcrumb":{"@id":"https:\/\/always.orgueachablis.fr\/?page_id=383#breadcrumb"},"inLanguage":"fr-FR","potentialAction":[{"@type":"ReadAction","target":["https:\/\/always.orgueachablis.fr\/?page_id=383"]}]},{"@type":"BreadcrumbList","@id":"https:\/\/always.orgueachablis.fr\/?page_id=383#breadcrumb","itemListElement":[{"@type":"ListItem","position":1,"name":"Accueil","item":"https:\/\/always.orgueachablis.fr\/"},{"@type":"ListItem","position":2,"name":"Edition 2024"}]},{"@type":"WebSite","@id":"https:\/\/always.orgueachablis.fr\/#website","url":"https:\/\/always.orgueachablis.fr\/","name":"Orgue \u00e0 Chablis","description":"Un Festival In\u00e9dit","publisher":{"@id":"https:\/\/always.orgueachablis.fr\/#organization"},"potentialAction":[{"@type":"SearchAction","target":{"@type":"EntryPoint","urlTemplate":"https:\/\/always.orgueachablis.fr\/?s={search_term_string}"},"query-input":"required name=search_term_string"}],"inLanguage":"fr-FR"},{"@type":"Organization","@id":"https:\/\/always.orgueachablis.fr\/#organization","name":"Orgue \u00e0 Chablis","url":"https:\/\/always.orgueachablis.fr\/","logo":{"@type":"ImageObject","inLanguage":"fr-FR","@id":"https:\/\/always.orgueachablis.fr\/#\/schema\/logo\/image\/","url":"https:\/\/www.orgueachablis.fr\/wp-content\/uploads\/2022\/05\/cropped-WhatsApp-Image-2022-05-09-at-00.27.37-1.jpeg","contentUrl":"https:\/\/www.orgueachablis.fr\/wp-content\/uploads\/2022\/05\/cropped-WhatsApp-Image-2022-05-09-at-00.27.37-1.jpeg","width":1700,"height":750,"caption":"Orgue \u00e0 Chablis"},"image":{"@id":"https:\/\/always.orgueachablis.fr\/#\/schema\/logo\/image\/"},"sameAs":["https:\/\/www.facebook.com\/orgueachablis"]}]}},"_links":{"self":[{"href":"https:\/\/always.orgueachablis.fr\/index.php?rest_route=\/wp\/v2\/pages\/383"}],"collection":[{"href":"https:\/\/always.orgueachablis.fr\/index.php?rest_route=\/wp\/v2\/pages"}],"about":[{"href":"https:\/\/always.orgueachablis.fr\/index.php?rest_route=\/wp\/v2\/types\/page"}],"author":[{"embeddable":true,"href":"https:\/\/always.orgueachablis.fr\/index.php?rest_route=\/wp\/v2\/users\/1"}],"replies":[{"embeddable":true,"href":"https:\/\/always.orgueachablis.fr\/index.php?rest_route=%2Fwp%2Fv2%2Fcomments&post=383"}],"version-history":[{"count":7,"href":"https:\/\/always.orgueachablis.fr\/index.php?rest_route=\/wp\/v2\/pages\/383\/revisions"}],"predecessor-version":[{"id":433,"href":"https:\/\/always.orgueachablis.fr\/index.php?rest_route=\/wp\/v2\/pages\/383\/revisions\/433"}],"wp:attachment":[{"href":"https:\/\/always.orgueachablis.fr\/index.php?rest_route=%2Fwp%2Fv2%2Fmedia&parent=383"}],"curies":[{"name":"wp","href":"https:\/\/api.w.org\/{rel}","templated":true}]}}