{"id":43,"date":"2022-04-25T23:02:07","date_gmt":"2022-04-25T21:02:07","guid":{"rendered":"https:\/\/www.orgueachablis.fr\/?page_id=43"},"modified":"2024-07-11T23:49:31","modified_gmt":"2024-07-11T21:49:31","slug":"home","status":"publish","type":"page","link":"https:\/\/always.orgueachablis.fr\/","title":{"rendered":"Accueil"},"content":{"rendered":"\t\t<div data-elementor-type=\"wp-page\" data-elementor-id=\"43\" class=\"elementor elementor-43\" data-elementor-settings=\"[]\">\n\t\t\t\t\t\t<div class=\"elementor-inner\">\n\t\t\t\t\t\t\t<div class=\"elementor-section-wrap\">\n\t\t\t\t\t\t\t<section class=\"elementor-section elementor-top-section elementor-element elementor-element-a2f2fdb elementor-section-boxed elementor-section-height-default elementor-section-height-default\" data-id=\"a2f2fdb\" data-element_type=\"section\">\n\t\t\t\t\t\t<div class=\"elementor-container elementor-column-gap-default\">\n\t\t\t\t\t\t\t<div class=\"elementor-row\">\n\t\t\t\t\t<div class=\"elementor-column elementor-col-100 elementor-top-column elementor-element elementor-element-3a6a667\" data-id=\"3a6a667\" data-element_type=\"column\">\n\t\t\t<div class=\"elementor-column-wrap elementor-element-populated\">\n\t\t\t\t\t\t\t<div class=\"elementor-widget-wrap\">\n\t\t\t\t\t\t<div class=\"elementor-element elementor-element-f8664b7 elementor-widget elementor-widget-image\" data-id=\"f8664b7\" data-element_type=\"widget\" data-widget_type=\"image.default\">\n\t\t\t\t<div class=\"elementor-widget-container\">\n\t\t\t\t\t<div class=\"elementor-image\">\n\t\t\t\t\t\t\t\t\t\t<img width=\"450\" height=\"641\" src=\"https:\/\/always.orgueachablis.fr\/wp-content\/uploads\/2024\/06\/fonds-flyers.png\" class=\"attachment-2048x2048 size-2048x2048\" alt=\"\" loading=\"lazy\" \/>\t\t\t\t\t\t\t\t\t\t\t<\/div>\n\t\t\t\t<\/div>\n\t\t\t\t<\/div>\n\t\t\t\t\t\t<\/div>\n\t\t\t\t\t<\/div>\n\t\t<\/div>\n\t\t\t\t\t\t\t\t<\/div>\n\t\t\t\t\t<\/div>\n\t\t<\/section>\n\t\t\t\t<section class=\"elementor-section elementor-top-section elementor-element elementor-element-464e27b elementor-section-boxed elementor-section-height-default elementor-section-height-default\" data-id=\"464e27b\" data-element_type=\"section\">\n\t\t\t\t\t\t<div class=\"elementor-container elementor-column-gap-default\">\n\t\t\t\t\t\t\t<div class=\"elementor-row\">\n\t\t\t\t\t<div class=\"elementor-column elementor-col-100 elementor-top-column elementor-element elementor-element-d37a92b\" data-id=\"d37a92b\" data-element_type=\"column\">\n\t\t\t<div class=\"elementor-column-wrap elementor-element-populated\">\n\t\t\t\t\t\t\t<div class=\"elementor-widget-wrap\">\n\t\t\t\t\t\t<div class=\"elementor-element elementor-element-eb5a4ef elementor-widget elementor-widget-heading\" data-id=\"eb5a4ef\" data-element_type=\"widget\" data-widget_type=\"heading.default\">\n\t\t\t\t<div class=\"elementor-widget-container\">\n\t\t\t<h5 class=\"elementor-heading-title elementor-size-default\"><a href=\"https:\/\/www.orgueachablis.fr\/?page_id=383\"><i>D\u00e9couvrir le Programme de l\u2019\u00c9dition 2024...<\/i><\/a><\/h5>\t\t<\/div>\n\t\t\t\t<\/div>\n\t\t\t\t\t\t<\/div>\n\t\t\t\t\t<\/div>\n\t\t<\/div>\n\t\t\t\t\t\t\t\t<\/div>\n\t\t\t\t\t<\/div>\n\t\t<\/section>\n\t\t\t\t\t\t<\/div>\n\t\t\t\t\t\t<\/div>\n\t\t\t\t\t<\/div>\n\t\t","protected":false},"excerpt":{"rendered":"<p>D\u00e9couvrir le Programme de l\u2019\u00c9dition 2024&#8230;<\/p>\n","protected":false},"author":1,"featured_media":0,"parent":0,"menu_order":0,"comment_status":"closed","ping_status":"closed","template":"","meta":[],"yoast_head":"<!-- This site is optimized with the Yoast SEO plugin v19.13 - https:\/\/yoast.com\/wordpress\/plugins\/seo\/ -->\n<title>Accueil - Orgue \u00e0 Chablis<\/title>\n<meta name=\"description\" content=\"Festival Orgue \u00e0 Chablis, 19, 20 &amp; 21 juillet 2024. Coll\u00e9giale Saint-Martin de Chablis, Eglise Saint-Martial de Seignelay. Concerts, Ateliers, ...\" \/>\n<meta name=\"robots\" content=\"index, follow, max-snippet:-1, max-image-preview:large, max-video-preview:-1\" \/>\n<link rel=\"canonical\" href=\"https:\/\/always.orgueachablis.fr\/\" \/>\n<meta property=\"og:locale\" content=\"fr_FR\" \/>\n<meta property=\"og:type\" content=\"article\" \/>\n<meta property=\"og:title\" content=\"Accueil - Orgue \u00e0 Chablis\" \/>\n<meta property=\"og:description\" content=\"Festival Orgue \u00e0 Chablis, 19, 20 &amp; 21 juillet 2024. Coll\u00e9giale Saint-Martin de Chablis, Eglise Saint-Martial de Seignelay. Concerts, Ateliers, ...\" \/>\n<meta property=\"og:url\" content=\"https:\/\/always.orgueachablis.fr\/\" \/>\n<meta property=\"og:site_name\" content=\"Orgue \u00e0 Chablis\" \/>\n<meta property=\"article:publisher\" content=\"https:\/\/www.facebook.com\/orgueachablis\" \/>\n<meta property=\"article:modified_time\" content=\"2024-07-11T21:49:31+00:00\" \/>\n<meta property=\"og:image\" content=\"http:\/\/www.orgueachablis.fr\/wp-content\/uploads\/2024\/06\/fonds-flyers.png\" \/>\n<meta name=\"twitter:card\" content=\"summary_large_image\" \/>\n<meta name=\"twitter:label1\" content=\"Dur\u00e9e de lecture estim\u00e9e\" \/>\n\t<meta name=\"twitter:data1\" content=\"1 minute\" \/>\n<script type=\"application\/ld+json\" class=\"yoast-schema-graph\">{\"@context\":\"https:\/\/schema.org\",\"@graph\":[{\"@type\":\"WebPage\",\"@id\":\"https:\/\/always.orgueachablis.fr\/\",\"url\":\"https:\/\/always.orgueachablis.fr\/\",\"name\":\"Accueil - Orgue \u00e0 Chablis\",\"isPartOf\":{\"@id\":\"https:\/\/always.orgueachablis.fr\/#website\"},\"datePublished\":\"2022-04-25T21:02:07+00:00\",\"dateModified\":\"2024-07-11T21:49:31+00:00\",\"description\":\"Festival Orgue \u00e0 Chablis, 19, 20 & 21 juillet 2024. Coll\u00e9giale Saint-Martin de Chablis, Eglise Saint-Martial de Seignelay. Concerts, Ateliers, ...\",\"breadcrumb\":{\"@id\":\"https:\/\/always.orgueachablis.fr\/#breadcrumb\"},\"inLanguage\":\"fr-FR\",\"potentialAction\":[{\"@type\":\"ReadAction\",\"target\":[\"https:\/\/always.orgueachablis.fr\/\"]}]},{\"@type\":\"BreadcrumbList\",\"@id\":\"https:\/\/always.orgueachablis.fr\/#breadcrumb\",\"itemListElement\":[{\"@type\":\"ListItem\",\"position\":1,\"name\":\"Accueil\",\"item\":\"https:\/\/always.orgueachablis.fr\/\"},{\"@type\":\"ListItem\",\"position\":2,\"name\":\"Accueil\"}]},{\"@type\":\"WebSite\",\"@id\":\"https:\/\/always.orgueachablis.fr\/#website\",\"url\":\"https:\/\/always.orgueachablis.fr\/\",\"name\":\"Orgue \u00e0 Chablis\",\"description\":\"Un Festival In\u00e9dit\",\"publisher\":{\"@id\":\"https:\/\/always.orgueachablis.fr\/#organization\"},\"potentialAction\":[{\"@type\":\"SearchAction\",\"target\":{\"@type\":\"EntryPoint\",\"urlTemplate\":\"https:\/\/always.orgueachablis.fr\/?s={search_term_string}\"},\"query-input\":\"required name=search_term_string\"}],\"inLanguage\":\"fr-FR\"},{\"@type\":\"Organization\",\"@id\":\"https:\/\/always.orgueachablis.fr\/#organization\",\"name\":\"Orgue \u00e0 Chablis\",\"url\":\"https:\/\/always.orgueachablis.fr\/\",\"logo\":{\"@type\":\"ImageObject\",\"inLanguage\":\"fr-FR\",\"@id\":\"https:\/\/always.orgueachablis.fr\/#\/schema\/logo\/image\/\",\"url\":\"https:\/\/www.orgueachablis.fr\/wp-content\/uploads\/2022\/05\/cropped-WhatsApp-Image-2022-05-09-at-00.27.37-1.jpeg\",\"contentUrl\":\"https:\/\/www.orgueachablis.fr\/wp-content\/uploads\/2022\/05\/cropped-WhatsApp-Image-2022-05-09-at-00.27.37-1.jpeg\",\"width\":1700,\"height\":750,\"caption\":\"Orgue \u00e0 Chablis\"},\"image\":{\"@id\":\"https:\/\/always.orgueachablis.fr\/#\/schema\/logo\/image\/\"},\"sameAs\":[\"https:\/\/www.facebook.com\/orgueachablis\"]}]}<\/script>\n<!-- \/ Yoast SEO plugin. -->","yoast_head_json":{"title":"Accueil - Orgue \u00e0 Chablis","description":"Festival Orgue \u00e0 Chablis, 19, 20 & 21 juillet 2024. Coll\u00e9giale Saint-Martin de Chablis, Eglise Saint-Martial de Seignelay. Concerts, Ateliers, ...","robots":{"index":"index","follow":"follow","max-snippet":"max-snippet:-1","max-image-preview":"max-image-preview:large","max-video-preview":"max-video-preview:-1"},"canonical":"https:\/\/always.orgueachablis.fr\/","og_locale":"fr_FR","og_type":"article","og_title":"Accueil - Orgue \u00e0 Chablis","og_description":"Festival Orgue \u00e0 Chablis, 19, 20 & 21 juillet 2024. Coll\u00e9giale Saint-Martin de Chablis, Eglise Saint-Martial de Seignelay. Concerts, Ateliers, ...","og_url":"https:\/\/always.orgueachablis.fr\/","og_site_name":"Orgue \u00e0 Chablis","article_publisher":"https:\/\/www.facebook.com\/orgueachablis","article_modified_time":"2024-07-11T21:49:31+00:00","og_image":[{"url":"http:\/\/www.orgueachablis.fr\/wp-content\/uploads\/2024\/06\/fonds-flyers.png"}],"twitter_card":"summary_large_image","twitter_misc":{"Dur\u00e9e de lecture estim\u00e9e":"1 minute"},"schema":{"@context":"https:\/\/schema.org","@graph":[{"@type":"WebPage","@id":"https:\/\/always.orgueachablis.fr\/","url":"https:\/\/always.orgueachablis.fr\/","name":"Accueil - Orgue \u00e0 Chablis","isPartOf":{"@id":"https:\/\/always.orgueachablis.fr\/#website"},"datePublished":"2022-04-25T21:02:07+00:00","dateModified":"2024-07-11T21:49:31+00:00","description":"Festival Orgue \u00e0 Chablis, 19, 20 & 21 juillet 2024. Coll\u00e9giale Saint-Martin de Chablis, Eglise Saint-Martial de Seignelay. Concerts, Ateliers, ...","breadcrumb":{"@id":"https:\/\/always.orgueachablis.fr\/#breadcrumb"},"inLanguage":"fr-FR","potentialAction":[{"@type":"ReadAction","target":["https:\/\/always.orgueachablis.fr\/"]}]},{"@type":"BreadcrumbList","@id":"https:\/\/always.orgueachablis.fr\/#breadcrumb","itemListElement":[{"@type":"ListItem","position":1,"name":"Accueil","item":"https:\/\/always.orgueachablis.fr\/"},{"@type":"ListItem","position":2,"name":"Accueil"}]},{"@type":"WebSite","@id":"https:\/\/always.orgueachablis.fr\/#website","url":"https:\/\/always.orgueachablis.fr\/","name":"Orgue \u00e0 Chablis","description":"Un Festival In\u00e9dit","publisher":{"@id":"https:\/\/always.orgueachablis.fr\/#organization"},"potentialAction":[{"@type":"SearchAction","target":{"@type":"EntryPoint","urlTemplate":"https:\/\/always.orgueachablis.fr\/?s={search_term_string}"},"query-input":"required name=search_term_string"}],"inLanguage":"fr-FR"},{"@type":"Organization","@id":"https:\/\/always.orgueachablis.fr\/#organization","name":"Orgue \u00e0 Chablis","url":"https:\/\/always.orgueachablis.fr\/","logo":{"@type":"ImageObject","inLanguage":"fr-FR","@id":"https:\/\/always.orgueachablis.fr\/#\/schema\/logo\/image\/","url":"https:\/\/www.orgueachablis.fr\/wp-content\/uploads\/2022\/05\/cropped-WhatsApp-Image-2022-05-09-at-00.27.37-1.jpeg","contentUrl":"https:\/\/www.orgueachablis.fr\/wp-content\/uploads\/2022\/05\/cropped-WhatsApp-Image-2022-05-09-at-00.27.37-1.jpeg","width":1700,"height":750,"caption":"Orgue \u00e0 Chablis"},"image":{"@id":"https:\/\/always.orgueachablis.fr\/#\/schema\/logo\/image\/"},"sameAs":["https:\/\/www.facebook.com\/orgueachablis"]}]}},"_links":{"self":[{"href":"https:\/\/always.orgueachablis.fr\/index.php?rest_route=\/wp\/v2\/pages\/43"}],"collection":[{"href":"https:\/\/always.orgueachablis.fr\/index.php?rest_route=\/wp\/v2\/pages"}],"about":[{"href":"https:\/\/always.orgueachablis.fr\/index.php?rest_route=\/wp\/v2\/types\/page"}],"author":[{"embeddable":true,"href":"https:\/\/always.orgueachablis.fr\/index.php?rest_route=\/wp\/v2\/users\/1"}],"replies":[{"embeddable":true,"href":"https:\/\/always.orgueachablis.fr\/index.php?rest_route=%2Fwp%2Fv2%2Fcomments&post=43"}],"version-history":[{"count":19,"href":"https:\/\/always.orgueachablis.fr\/index.php?rest_route=\/wp\/v2\/pages\/43\/revisions"}],"predecessor-version":[{"id":430,"href":"https:\/\/always.orgueachablis.fr\/index.php?rest_route=\/wp\/v2\/pages\/43\/revisions\/430"}],"wp:attachment":[{"href":"https:\/\/always.orgueachablis.fr\/index.php?rest_route=%2Fwp%2Fv2%2Fmedia&parent=43"}],"curies":[{"name":"wp","href":"https:\/\/api.w.org\/{rel}","templated":true}]}}